{"id":12,"date":"2020-09-30T10:50:38","date_gmt":"2020-09-30T10:50:38","guid":{"rendered":"https:\/\/qi5.qodeinteractive.com\/?page_id=12"},"modified":"2026-02-16T11:11:19","modified_gmt":"2026-02-16T10:11:19","slug":"clientes","status":"publish","type":"page","link":"https:\/\/www.vengo.ch\/es\/kunden\/","title":{"rendered":"Clientes"},"content":{"rendered":"<div data-elementor-type=\"wp-page\" data-elementor-id=\"12\" class=\"elementor elementor-12\" data-elementor-post-type=\"page\">\n\t\t\t\t<div class=\"elementor-element elementor-element-7a0e633 e-flex e-con-boxed e-con e-parent\" data-id=\"7a0e633\" data-element_type=\"container\" data-e-type=\"container\">\n\t\t\t\t\t<div class=\"e-con-inner\">\n\t\t\t\t<div class=\"elementor-element elementor-element-f2cc9b6 elementor-widget elementor-widget-heading\" data-id=\"f2cc9b6\" data-element_type=\"widget\" data-e-type=\"widget\" data-widget_type=\"heading.default\">\n\t\t\t\t<div class=\"elementor-widget-container\">\n\t\t\t\t\t<h1 class=\"elementor-heading-title elementor-size-default\">Clientes<\/h1>\t\t\t\t<\/div>\n\t\t\t\t<\/div>\n\t\t\t\t<div class=\"elementor-element elementor-element-42dc3e2 elementor-widget elementor-widget-text-editor\" data-id=\"42dc3e2\" data-element_type=\"widget\" data-e-type=\"widget\" data-widget_type=\"text-editor.default\">\n\t\t\t\t<div class=\"elementor-widget-container\">\n\t\t\t\t\t\t\t\t\t<h2>Estamos orgullosos de nuestra larga trayectoria<br \/>Colaboraci\u00f3n con nuestros clientes.<\/h2>\t\t\t\t\t\t\t\t<\/div>\n\t\t\t\t<\/div>\n\t\t\t\t<div class=\"elementor-element elementor-element-5f6967d pp-card-slider-dots-bottom pp-card-slider-image-left elementor-widget elementor-widget-pp-card-slider\" data-id=\"5f6967d\" data-element_type=\"widget\" data-e-type=\"widget\" data-settings=\"{&quot;responsive_breakpoint&quot;:&quot;tablet&quot;,&quot;pause_on_hover&quot;:&quot;yes&quot;}\" data-widget_type=\"pp-card-slider.default\">\n\t\t\t\t<div class=\"elementor-widget-container\">\n\t\t\t\t\t\t\t<div class=\"pp-card-slider pp-swiper-slider\" data-slider-settings=\"{&quot;effect&quot;:&quot;fade&quot;,&quot;speed&quot;:500,&quot;slides_per_view&quot;:1,&quot;auto_height&quot;:false,&quot;loop&quot;:&quot;yes&quot;,&quot;grab_cursor&quot;:true,&quot;autoplay&quot;:&quot;yes&quot;,&quot;autoplay_speed&quot;:3000,&quot;pause_on_interaction&quot;:false,&quot;keyboard&quot;:&quot;yes&quot;,&quot;pagination&quot;:&quot;bullets&quot;}\">\n\t\t\t<div class=\"swiper-wrapper\">\n\t\t\t\t\t\t\t\t<div class=\"pp-card-slider-item swiper-slide pp-card-slider-item-0\">\n\t\t\t\t\t\t\t\t\t\t\t\t\t\t\t\t\t<a class=\"pp-card-slider-box-link\" href=\"https:\/\/www.vengo.ch\/es\/laudinella-home-delivery-shop\/\"><\/a>\n\t\t\t\t\t\t\t\t\t\t\t\t\t<div class=\"pp-card-slider-image\">\n\t\t\t\t<img decoding=\"async\" src=\"https:\/\/spcdn.shortpixel.ai\/spio\/ret_img,q_cdnize,to_webp,s_webp\/www.vengo.ch\/wp-content\/uploads\/2025\/05\/Laudi-HomeDelivery-768x543.jpg\" alt=\"Comida asi\u00e1tica fresca para servicio de entrega, ordene de manera saludable y conveniente en l\u00ednea.\" title=\"\">\t\t\t<\/div>\n\t\t\t\t\t\t\t\t<div class=\"pp-card-slider-content-wrap\">\n\t\t\t\t\t\t\t\t\t\t\t\t\t\t\t\t\t\t\t<h2 class=\"pp-card-slider-title\">\n\t\t\t\t\t\t\t\tTienda de entrega a domicilio en Laudinella\t\t\t\t\t\t\t<\/h2>\n\t\t\t\t\t\t\n\t\t\t\t\t\t\n\t\t\t\t\t\t\t\t\t\t\t\t\t<div class=\"pp-card-slider-content\">\n\t\t\t\t\t\t\t\t\u00a1Delicias culinarias digitales con solo tocar un bot\u00f3n!\t\t\t\t\t\t\t<\/div>\n\t\t\t\t\t\t\t\t\t\t\t\t\t\t\t\t\t<\/div>\n\t\t\t\t<\/div>\n\t\t\t\t\t\t\t\t<div class=\"pp-card-slider-item swiper-slide pp-card-slider-item-1\">\n\t\t\t\t\t\t\t\t\t\t\t\t\t\t\t\t\t<a class=\"pp-card-slider-box-link\" href=\"https:\/\/www.vengo.ch\/es\/laudinella-hotel-group\/\"><\/a>\n\t\t\t\t\t\t\t\t\t\t\t\t\t<div class=\"pp-card-slider-image\">\n\t\t\t\t<img decoding=\"async\" src=\"https:\/\/spcdn.shortpixel.ai\/spio\/ret_img,q_cdnize,to_webp,s_webp\/www.vengo.ch\/wp-content\/uploads\/2025\/05\/Laudinella-HotelGroup-768x511.jpg\" alt=\"F\u00e1cil selecci\u00f3n y reserva de hotel a trav\u00e9s de la aplicaci\u00f3n m\u00f3vil de Vengo para una estad\u00eda perfecta.\" title=\"\">\t\t\t<\/div>\n\t\t\t\t\t\t\t\t<div class=\"pp-card-slider-content-wrap\">\n\t\t\t\t\t\t\t\t\t\t\t\t\t\t\t\t\t\t\t<h2 class=\"pp-card-slider-title\">\n\t\t\t\t\t\t\t\tLaudinella\t\t\t\t\t\t\t<\/h2>\n\t\t\t\t\t\t\n\t\t\t\t\t\t\n\t\t\t\t\t\t\t\t\t\t\t\t\t<div class=\"pp-card-slider-content\">\n\t\t\t\t\t\t\t\tGrupo hotelero\t\t\t\t\t\t\t<\/div>\n\t\t\t\t\t\t\t\t\t\t\t\t\t\t\t\t\t<\/div>\n\t\t\t\t<\/div>\n\t\t\t\t\t\t\t\t<div class=\"pp-card-slider-item swiper-slide pp-card-slider-item-2\">\n\t\t\t\t\t\t\t\t\t\t\t\t\t\t\t\t\t<a class=\"pp-card-slider-box-link\" href=\"https:\/\/www.vengo.ch\/es\/hello-allegra\/\"><\/a>\n\t\t\t\t\t\t\t\t\t\t\t\t\t<div class=\"pp-card-slider-image\">\n\t\t\t\t<img decoding=\"async\" src=\"https:\/\/spcdn.shortpixel.ai\/spio\/ret_img,q_cdnize,to_webp,s_webp\/www.vengo.ch\/wp-content\/uploads\/2025\/05\/HelloALLEGRA-768x394.jpg\" alt=\"- Parque de aventuras en sendero de monta\u00f1a, ciclismo de monta\u00f1a en la naturaleza alpina.\" title=\"\">\t\t\t<\/div>\n\t\t\t\t\t\t\t\t<div class=\"pp-card-slider-content-wrap\">\n\t\t\t\t\t\t\t\t\t\t\t\t\t\t\t\t\t\t\t<h2 class=\"pp-card-slider-title\">\n\t\t\t\t\t\t\t\tHola ALLEGRA\t\t\t\t\t\t\t<\/h2>\n\t\t\t\t\t\t\n\t\t\t\t\t\t\n\t\t\t\t\t\t\t\t\t\t\t\t\t<div class=\"pp-card-slider-content\">\n\t\t\t\t\t\t\t\tDise\u00f1o web con Trail DNA\t\t\t\t\t\t\t<\/div>\n\t\t\t\t\t\t\t\t\t\t\t\t\t\t\t\t\t<\/div>\n\t\t\t\t<\/div>\n\t\t\t\t\t\t\t\t<div class=\"pp-card-slider-item swiper-slide pp-card-slider-item-3\">\n\t\t\t\t\t\t\t\t\t\t\t\t\t\t\t\t\t<a class=\"pp-card-slider-box-link\" href=\"https:\/\/www.vengo.ch\/es\/parkitect-modular-pamptrack\/\"><\/a>\n\t\t\t\t\t\t\t\t\t\t\t\t\t<div class=\"pp-card-slider-image\">\n\t\t\t\t<img decoding=\"async\" src=\"https:\/\/spcdn.shortpixel.ai\/spio\/ret_img,q_cdnize,to_webp,s_webp\/www.vengo.ch\/wp-content\/uploads\/2025\/05\/MODULAR-PUMPTRACK_comp-768x513.png\" alt=\"Ciclista de monta\u00f1a aventurero en una pista de bombeo modular en un parque verde.\" title=\"\">\t\t\t<\/div>\n\t\t\t\t\t\t\t\t<div class=\"pp-card-slider-content-wrap\">\n\t\t\t\t\t\t\t\t\t\t\t\t\t\t\t\t\t\t\t<h2 class=\"pp-card-slider-title\">\n\t\t\t\t\t\t\t\tPista de bombeo modular\t\t\t\t\t\t\t<\/h2>\n\t\t\t\t\t\t\n\t\t\t\t\t\t\n\t\t\t\t\t\t\t\t\t\t\t\t\t<div class=\"pp-card-slider-content\">\n\t\t\t\t\t\t\t\t...\u00a1para un flujo perfecto!\t\t\t\t\t\t\t<\/div>\n\t\t\t\t\t\t\t\t\t\t\t\t\t\t\t\t\t<\/div>\n\t\t\t\t<\/div>\n\t\t\t\t\t\t\t\t<div class=\"pp-card-slider-item swiper-slide pp-card-slider-item-4\">\n\t\t\t\t\t\t\t\t\t\t\t\t\t\t\t\t\t<a class=\"pp-card-slider-box-link\" href=\"https:\/\/www.vengo.ch\/es\/denner\/\"><\/a>\n\t\t\t\t\t\t\t\t\t\t\t\t\t<div class=\"pp-card-slider-image\">\n\t\t\t\t<img decoding=\"async\" src=\"https:\/\/spcdn.shortpixel.ai\/spio\/ret_img,q_cdnize,to_webp,s_webp\/www.vengo.ch\/wp-content\/uploads\/2025\/05\/Denner-Weinshop-768x512.jpg\" alt=\"Vino de alta calidad disponible en las tiendas Denner, con una gran selecci\u00f3n de vinos tintos y blancos.\" title=\"\">\t\t\t<\/div>\n\t\t\t\t\t\t\t\t<div class=\"pp-card-slider-content-wrap\">\n\t\t\t\t\t\t\t\t\t\t\t\t\t\t\t\t\t\t\t<h2 class=\"pp-card-slider-title\">\n\t\t\t\t\t\t\t\tDenner\t\t\t\t\t\t\t<\/h2>\n\t\t\t\t\t\t\n\t\t\t\t\t\t\n\t\t\t\t\t\t\t\t\t\t\t\t\t<div class=\"pp-card-slider-content\">\n\t\t\t\t\t\t\t\t\u00a1Denner lleva su tienda de vinos online al siguiente nivel!\t\t\t\t\t\t\t<\/div>\n\t\t\t\t\t\t\t\t\t\t\t\t\t\t\t\t\t<\/div>\n\t\t\t\t<\/div>\n\t\t\t\t\t\t\t\t<div class=\"pp-card-slider-item swiper-slide pp-card-slider-item-5\">\n\t\t\t\t\t\t\t\t\t\t\t\t\t\t\t\t\t<a class=\"pp-card-slider-box-link\" href=\"https:\/\/www.vengo.ch\/es\/abusizz\/\"><\/a>\n\t\t\t\t\t\t\t\t\t\t\t\t\t<div class=\"pp-card-slider-image\">\n\t\t\t\t<img decoding=\"async\" src=\"https:\/\/spcdn.shortpixel.ai\/spio\/ret_img,q_cdnize,to_webp,s_webp\/www.vengo.ch\/wp-content\/uploads\/2025\/05\/Abusizz-768x530.jpg\" alt=\"L\u00e1mpara de mesa moderna con dise\u00f1o de dise\u00f1ador en una estancia minimalista.\" title=\"\">\t\t\t<\/div>\n\t\t\t\t\t\t\t\t<div class=\"pp-card-slider-content-wrap\">\n\t\t\t\t\t\t\t\t\t\t\t\t\t\t\t\t\t\t\t<h2 class=\"pp-card-slider-title\">\n\t\t\t\t\t\t\t\tABUSIZZ\t\t\t\t\t\t\t<\/h2>\n\t\t\t\t\t\t\n\t\t\t\t\t\t\n\t\t\t\t\t\t\t\t\t\t\t\t\t<div class=\"pp-card-slider-content\">\n\t\t\t\t\t\t\t\t...Fomentando la conversaci\u00f3n\t\t\t\t\t\t\t<\/div>\n\t\t\t\t\t\t\t\t\t\t\t\t\t\t\t\t\t<\/div>\n\t\t\t\t<\/div>\n\t\t\t\t\t\t\t\t<div class=\"pp-card-slider-item swiper-slide pp-card-slider-item-6\">\n\t\t\t\t\t\t\t\t\t\t\t\t\t\t\t\t\t<a class=\"pp-card-slider-box-link\" href=\"https:\/\/www.vengo.ch\/es\/chimichu-club\/\"><\/a>\n\t\t\t\t\t\t\t\t\t\t\t\t\t<div class=\"pp-card-slider-image\">\n\t\t\t\t<img decoding=\"async\" src=\"https:\/\/spcdn.shortpixel.ai\/spio\/ret_img,q_cdnize,to_webp,s_webp\/www.vengo.ch\/wp-content\/uploads\/2025\/05\/Chimichu_6-768x535.jpg\" alt=\"Salsa chimichurri en frasco, condimento chutney de chile argentino, Chimichurriclub, picante.\" title=\"\">\t\t\t<\/div>\n\t\t\t\t\t\t\t\t<div class=\"pp-card-slider-content-wrap\">\n\t\t\t\t\t\t\t\t\t\t\t\t\t\t\t\t\t\t\t<h2 class=\"pp-card-slider-title\">\n\t\t\t\t\t\t\t\tChimichu.club\t\t\t\t\t\t\t<\/h2>\n\t\t\t\t\t\t\n\t\t\t\t\t\t\n\t\t\t\t\t\t\t\t\t\t\t\t\t<div class=\"pp-card-slider-content\">\n\t\t\t\t\t\t\t\tEl fuego argentino se une a la precisi\u00f3n suiza.\t\t\t\t\t\t\t<\/div>\n\t\t\t\t\t\t\t\t\t\t\t\t\t\t\t\t\t<\/div>\n\t\t\t\t<\/div>\n\t\t\t\t\t\t\t\t<div class=\"pp-card-slider-item swiper-slide pp-card-slider-item-7\">\n\t\t\t\t\t\t\t\t\t\t\t\t\t\t\t\t\t<a class=\"pp-card-slider-box-link\" href=\"https:\/\/www.vengo.ch\/es\/chargetrip\/\"><\/a>\n\t\t\t\t\t\t\t\t\t\t\t\t\t<div class=\"pp-card-slider-image\">\n\t\t\t\t<img decoding=\"async\" src=\"https:\/\/spcdn.shortpixel.ai\/spio\/ret_img,q_cdnize,to_webp,s_webp\/www.vengo.ch\/wp-content\/uploads\/2025\/05\/ct-image2-768x532.jpg\" alt=\"Smartphone con estaci\u00f3n de carga en el plano de la ciudad, movilidad el\u00e9ctrica sostenible, aplicaci\u00f3n de carga, respetuoso con el medio ambiente.\" title=\"\">\t\t\t<\/div>\n\t\t\t\t\t\t\t\t<div class=\"pp-card-slider-content-wrap\">\n\t\t\t\t\t\t\t\t\t\t\t\t\t\t\t\t\t\t\t<h2 class=\"pp-card-slider-title\">\n\t\t\t\t\t\t\t\tViaje de carga\t\t\t\t\t\t\t<\/h2>\n\t\t\t\t\t\t\n\t\t\t\t\t\t\n\t\t\t\t\t\t\t\t\t\t\t\t\t<div class=\"pp-card-slider-content\">\n\t\t\t\t\t\t\t\tChargeTrip \u2013 \u00a1Conducir un coche el\u00e9ctrico nunca ha sido tan f\u00e1cil! \t\t\t\t\t\t\t<\/div>\n\t\t\t\t\t\t\t\t\t\t\t\t\t\t\t\t\t<\/div>\n\t\t\t\t<\/div>\n\t\t\t\t\t\t\t\t<div class=\"pp-card-slider-item swiper-slide pp-card-slider-item-8\">\n\t\t\t\t\t\t\t\t\t\t\t\t\t\t\t\t\t<a class=\"pp-card-slider-box-link\" href=\"https:\/\/www.vengo.ch\/es\/madulain\/\"><\/a>\n\t\t\t\t\t\t\t\t\t\t\t\t\t<div class=\"pp-card-slider-image\">\n\t\t\t\t<img decoding=\"async\" src=\"https:\/\/spcdn.shortpixel.ai\/spio\/ret_img,q_cdnize,to_webp,s_webp\/www.vengo.ch\/wp-content\/uploads\/2025\/05\/Madulain-Website_comp-768x665.jpg\" alt=\"1. Encantador pueblo en los Alpes suizos, rodeado de verdes laderas y un r\u00edo.\" title=\"\">\t\t\t<\/div>\n\t\t\t\t\t\t\t\t<div class=\"pp-card-slider-content-wrap\">\n\t\t\t\t\t\t\t\t\t\t\t\t\t\t\t\t\t\t\t<h2 class=\"pp-card-slider-title\">\n\t\t\t\t\t\t\t\tMadulain\t\t\t\t\t\t\t<\/h2>\n\t\t\t\t\t\t\n\t\t\t\t\t\t\n\t\t\t\t\t\t\t\t\t\t\t\t\t<div class=\"pp-card-slider-content\">\n\t\t\t\t\t\t\t\t\u00a1Peque\u00f1o, fino y digitalmente muy grande!\t\t\t\t\t\t\t<\/div>\n\t\t\t\t\t\t\t\t\t\t\t\t\t\t\t\t\t<\/div>\n\t\t\t\t<\/div>\n\t\t\t\t\t\t\t\t<div class=\"pp-card-slider-item swiper-slide pp-card-slider-item-9\">\n\t\t\t\t\t\t\t\t\t\t\t\t\t\t\t\t\t<a class=\"pp-card-slider-box-link\" href=\"https:\/\/www.vengo.ch\/es\/cloud-connection\/\"><\/a>\n\t\t\t\t\t\t\t\t\t\t\t\t\t<div class=\"pp-card-slider-image\">\n\t\t\t\t<img decoding=\"async\" src=\"https:\/\/spcdn.shortpixel.ai\/spio\/ret_img,q_cdnize,to_webp,s_webp\/www.vengo.ch\/wp-content\/uploads\/2025\/05\/CloudConnection-768x538.jpg\" alt=\"Tecnolog\u00eda innovadora de computaci\u00f3n en la nube y comunicaciones con enfoques de dise\u00f1o creativos.\" title=\"\">\t\t\t<\/div>\n\t\t\t\t\t\t\t\t<div class=\"pp-card-slider-content-wrap\">\n\t\t\t\t\t\t\t\t\t\t\t\t\t\t\t\t\t\t\t<h2 class=\"pp-card-slider-title\">\n\t\t\t\t\t\t\t\tConexi\u00f3n a la nube\t\t\t\t\t\t\t<\/h2>\n\t\t\t\t\t\t\n\t\t\t\t\t\t\n\t\t\t\t\t\t\t\t\t\t\t\t\t<div class=\"pp-card-slider-content\">\n\t\t\t\t\t\t\t\tCuando la tecnolog\u00eda se encuentra con la comunicaci\u00f3n y el dise\u00f1o\t\t\t\t\t\t\t<\/div>\n\t\t\t\t\t\t\t\t\t\t\t\t\t\t\t\t\t<\/div>\n\t\t\t\t<\/div>\n\t\t\t\t\t\t\t\t<div class=\"pp-card-slider-item swiper-slide pp-card-slider-item-10\">\n\t\t\t\t\t\t\t\t\t\t\t\t\t\t\t\t\t<a class=\"pp-card-slider-box-link\" href=\"https:\/\/www.vengo.ch\/es\/fashion-days\/\"><\/a>\n\t\t\t\t\t\t\t\t\t\t\t\t\t<div class=\"pp-card-slider-image\">\n\t\t\t\t<img decoding=\"async\" src=\"https:\/\/spcdn.shortpixel.ai\/spio\/ret_img,q_cdnize,to_webp,s_webp\/www.vengo.ch\/wp-content\/uploads\/2025\/05\/FashionDays-768x492.jpg\" alt=\"Mujer de moda con bolsas de compras, compras, moda, estilo, accesorios, d\u00edas de moda, look elegante, tendencia, estilo de vida.\" title=\"\">\t\t\t<\/div>\n\t\t\t\t\t\t\t\t<div class=\"pp-card-slider-content-wrap\">\n\t\t\t\t\t\t\t\t\t\t\t\t\t\t\t\t\t\t\t<h2 class=\"pp-card-slider-title\">\n\t\t\t\t\t\t\t\tD\u00edas de la moda\t\t\t\t\t\t\t<\/h2>\n\t\t\t\t\t\t\n\t\t\t\t\t\t\n\t\t\t\t\t\t\t\t\t\t\t\t\t<div class=\"pp-card-slider-content\">\n\t\t\t\t\t\t\t\t\u00a1El comercio electr\u00f3nico avanza a gran velocidad!\t\t\t\t\t\t\t<\/div>\n\t\t\t\t\t\t\t\t\t\t\t\t\t\t\t\t\t<\/div>\n\t\t\t\t<\/div>\n\t\t\t\t\t\t\t\t<div class=\"pp-card-slider-item swiper-slide pp-card-slider-item-11\">\n\t\t\t\t\t\t\t\t\t\t\t\t\t\t\t\t\t<a class=\"pp-card-slider-box-link\" href=\"https:\/\/www.vengo.ch\/es\/fleurop-ch\/\"><\/a>\n\t\t\t\t\t\t\t\t\t\t\t\t\t<div class=\"pp-card-slider-image\">\n\t\t\t\t<img decoding=\"async\" src=\"https:\/\/spcdn.shortpixel.ai\/spio\/ret_img,q_cdnize,to_webp,s_webp\/www.vengo.ch\/wp-content\/uploads\/2025\/05\/Fleurop.ch_-768x516.jpg\" alt=\"Flores de hortensia coloridas en rosa y verde sobre un fondo negro.\" title=\"\">\t\t\t<\/div>\n\t\t\t\t\t\t\t\t<div class=\"pp-card-slider-content-wrap\">\n\t\t\t\t\t\t\t\t\t\t\t\t\t\t\t\t\t\t\t<h2 class=\"pp-card-slider-title\">\n\t\t\t\t\t\t\t\tFleurop.ch\t\t\t\t\t\t\t<\/h2>\n\t\t\t\t\t\t\n\t\t\t\t\t\t\n\t\t\t\t\t\t\t\t\t\t\t\t\t<div class=\"pp-card-slider-content\">\n\t\t\t\t\t\t\t\tEl poder de las flores\t\t\t\t\t\t\t<\/div>\n\t\t\t\t\t\t\t\t\t\t\t\t\t\t\t\t\t<\/div>\n\t\t\t\t<\/div>\n\t\t\t\t\t\t\t<\/div>\n\t\t\t\t\t\t\t<div class=\"swiper-pagination swiper-pagination-5f6967d\"><\/div>\n\t\t\t\t\t\t<div class=\"pp-screen-only elementor-screen-only\" aria-live=\"polite\" id=\"pp-card-slider-status\">Showing Slide 1 of 12<\/div>\t\t<\/div>\n\t\t\t\t\t\t<\/div>\n\t\t\t\t<\/div>\n\t\t\t\t\t<\/div>\n\t\t\t\t<\/div>\n\t\t\t\t<\/div>","protected":false},"excerpt":{"rendered":"<p>Wir sind stolz auf unsere langj\u00e4hrigeZusammenarbeit mit unseren Kunden. Fleurop.ch The Power of Flowers Denner Denner hebt seinen Online-Weinshop auf das n\u00e4chste Level! ABUSIZZ Boosting conversation&#8230; Laudinella Home Delivery Shop Digitale Kulinarik auf Knopfdruck! Fashion Days E-Commerce auf der \u00dcberholspur! Chimichu.club Argentinisches Feuer tritt auf Schweizer Pr\u00e4zision. Hello ALLEGRA Webdesign mit Trail-DNA Madulain Klein, fein [&hellip;]<\/p>\n","protected":false},"author":2,"featured_media":0,"parent":0,"menu_order":0,"comment_status":"closed","ping_status":"closed","template":"","meta":{"footnotes":""},"class_list":["post-12","page","type-page","status-publish","hentry"],"_links":{"self":[{"href":"https:\/\/www.vengo.ch\/es\/wp-json\/wp\/v2\/pages\/12","targetHints":{"allow":["GET"]}}],"collection":[{"href":"https:\/\/www.vengo.ch\/es\/wp-json\/wp\/v2\/pages"}],"about":[{"href":"https:\/\/www.vengo.ch\/es\/wp-json\/wp\/v2\/types\/page"}],"author":[{"embeddable":true,"href":"https:\/\/www.vengo.ch\/es\/wp-json\/wp\/v2\/users\/2"}],"replies":[{"embeddable":true,"href":"https:\/\/www.vengo.ch\/es\/wp-json\/wp\/v2\/comments?post=12"}],"version-history":[{"count":0,"href":"https:\/\/www.vengo.ch\/es\/wp-json\/wp\/v2\/pages\/12\/revisions"}],"wp:attachment":[{"href":"https:\/\/www.vengo.ch\/es\/wp-json\/wp\/v2\/media?parent=12"}],"curies":[{"name":"gracias","href":"https:\/\/api.w.org\/{rel}","templated":true}]}}