{"id":1820,"date":"2024-04-03T18:54:27","date_gmt":"2024-04-03T16:54:27","guid":{"rendered":"https:\/\/www.vengo.ch\/?page_id=1820"},"modified":"2024-04-07T15:52:20","modified_gmt":"2024-04-07T13:52:20","slug":"legal","status":"publish","type":"page","link":"https:\/\/www.vengo.ch\/es\/rechtliches\/","title":{"rendered":"Legal"},"content":{"rendered":"<div data-elementor-type=\"wp-page\" data-elementor-id=\"1820\" class=\"elementor elementor-1820\" data-elementor-post-type=\"page\">\n\t\t\t\t<div class=\"elementor-element elementor-element-2b3aa8c e-flex e-con-boxed e-con e-parent\" data-id=\"2b3aa8c\" data-element_type=\"container\" data-e-type=\"container\">\n\t\t\t\t\t<div class=\"e-con-inner\">\n\t\t\t\t<div class=\"elementor-element elementor-element-c878375 elementor-widget elementor-widget-heading\" data-id=\"c878375\" data-element_type=\"widget\" data-e-type=\"widget\" data-widget_type=\"heading.default\">\n\t\t\t\t<div class=\"elementor-widget-container\">\n\t\t\t\t\t<h2 class=\"elementor-heading-title elementor-size-default\">Descargo de responsabilidad<\/h2>\t\t\t\t<\/div>\n\t\t\t\t<\/div>\n\t\t\t\t<div class=\"elementor-element elementor-element-2132aa0 elementor-widget elementor-widget-heading\" data-id=\"2132aa0\" data-element_type=\"widget\" data-e-type=\"widget\" data-widget_type=\"heading.default\">\n\t\t\t\t<div class=\"elementor-widget-container\">\n\t\t\t\t\t<h3 class=\"elementor-heading-title elementor-size-default\">Informaci\u00f3n legal importante<\/h3>\t\t\t\t<\/div>\n\t\t\t\t<\/div>\n\t\t\t\t<div class=\"elementor-element elementor-element-dbaea04 elementor-widget elementor-widget-text-editor\" data-id=\"dbaea04\" data-element_type=\"widget\" data-e-type=\"widget\" data-widget_type=\"text-editor.default\">\n\t\t\t\t<div class=\"elementor-widget-container\">\n\t\t\t\t\t\t\t\t\t<p>Las personas que acceden a la informaci\u00f3n en el sitio web de vengo GmbH aceptan las siguientes condiciones y se comprometen a seguir la netiqueta:<\/p>\t\t\t\t\t\t\t\t<\/div>\n\t\t\t\t<\/div>\n\t\t\t\t<div class=\"elementor-element elementor-element-d207ca4 elementor-widget elementor-widget-heading\" data-id=\"d207ca4\" data-element_type=\"widget\" data-e-type=\"widget\" data-widget_type=\"heading.default\">\n\t\t\t\t<div class=\"elementor-widget-container\">\n\t\t\t\t\t<h3 class=\"elementor-heading-title elementor-size-default\">Uso del sitio web y derechos de autor<\/h3>\t\t\t\t<\/div>\n\t\t\t\t<\/div>\n\t\t\t\t<div class=\"elementor-element elementor-element-ab45aab elementor-widget elementor-widget-text-editor\" data-id=\"ab45aab\" data-element_type=\"widget\" data-e-type=\"widget\" data-widget_type=\"text-editor.default\">\n\t\t\t\t<div class=\"elementor-widget-container\">\n\t\t\t\t\t\t\t\t\t<p>Todo el contenido del sitio web est\u00e1 protegido por derechos de autor (todos los derechos reservados). Se permite descargar o imprimir p\u00e1ginas individuales y partes del sitio web siempre que no se eliminen los avisos de derechos de autor ni otras designaciones legalmente protegidas. Si descarga software u otros datos del sitio web o los reproduce de cualquier otra manera, todos los derechos de propiedad pertenecen a vengo GmbH. Queda prohibida la reproducci\u00f3n total o parcial, la transmisi\u00f3n (electr\u00f3nica o por otros medios), la modificaci\u00f3n, la vinculaci\u00f3n o el uso del sitio web con fines p\u00fablicos o comerciales sin el consentimiento previo por escrito de vengo GmbH. La propiedad del sitio web y la ley de marcas \u201cvengo GmbH\u201d, as\u00ed como los logotipos correspondientes, son marcas comerciales de vengo GmbH. Ninguna parte del sitio web est\u00e1 dise\u00f1ada para otorgar licencia o derecho de uso de ninguna imagen, marca registrada o logotipo.<\/p>\t\t\t\t\t\t\t\t<\/div>\n\t\t\t\t<\/div>\n\t\t\t\t<div class=\"elementor-element elementor-element-65d4d17 elementor-widget elementor-widget-heading\" data-id=\"65d4d17\" data-element_type=\"widget\" data-e-type=\"widget\" data-widget_type=\"heading.default\">\n\t\t\t\t<div class=\"elementor-widget-container\">\n\t\t\t\t\t<h3 class=\"elementor-heading-title elementor-size-default\">No hay ofertas<\/h3>\t\t\t\t<\/div>\n\t\t\t\t<\/div>\n\t\t\t\t<div class=\"elementor-element elementor-element-14dd410 elementor-widget elementor-widget-text-editor\" data-id=\"14dd410\" data-element_type=\"widget\" data-e-type=\"widget\" data-widget_type=\"text-editor.default\">\n\t\t\t\t<div class=\"elementor-widget-container\">\n\t\t\t\t\t\t\t\t\t<p>La informaci\u00f3n y las declaraciones publicadas en el sitio web no constituyen una solicitud, oferta o recomendaci\u00f3n para comprar o vender servicios o realizar cualquier otra transacci\u00f3n. La informaci\u00f3n contenida en el sitio web en su conjunto es de car\u00e1cter descriptivo.<\/p>\t\t\t\t\t\t\t\t<\/div>\n\t\t\t\t<\/div>\n\t\t\t\t<div class=\"elementor-element elementor-element-c943d0b elementor-widget elementor-widget-heading\" data-id=\"c943d0b\" data-element_type=\"widget\" data-e-type=\"widget\" data-widget_type=\"heading.default\">\n\t\t\t\t<div class=\"elementor-widget-container\">\n\t\t\t\t\t<h3 class=\"elementor-heading-title elementor-size-default\">Sin garant\u00eda<\/h3>\t\t\t\t<\/div>\n\t\t\t\t<\/div>\n\t\t\t\t<div class=\"elementor-element elementor-element-0b29e33 elementor-widget elementor-widget-text-editor\" data-id=\"0b29e33\" data-element_type=\"widget\" data-e-type=\"widget\" data-widget_type=\"text-editor.default\">\n\t\t\t\t<div class=\"elementor-widget-container\">\n\t\t\t\t\t\t\t\t\t<p>Aunque vengo GmbH se esfuerza por garantizar que la informaci\u00f3n contenida en el sitio web sea precisa en el momento de su publicaci\u00f3n, ni \u00e9l ni sus socios contractuales hacen ninguna declaraci\u00f3n ni garant\u00eda en cuanto a su exactitud, confiabilidad o integridad. La informaci\u00f3n y las opiniones publicadas en el sitio web est\u00e1n sujetas a cambios en cualquier momento y sin previo aviso.<\/p>\t\t\t\t\t\t\t\t<\/div>\n\t\t\t\t<\/div>\n\t\t\t\t<div class=\"elementor-element elementor-element-331ea2e elementor-widget elementor-widget-heading\" data-id=\"331ea2e\" data-element_type=\"widget\" data-e-type=\"widget\" data-widget_type=\"heading.default\">\n\t\t\t\t<div class=\"elementor-widget-container\">\n\t\t\t\t\t<h3 class=\"elementor-heading-title elementor-size-default\">Sin garant\u00eda<\/h3>\t\t\t\t<\/div>\n\t\t\t\t<\/div>\n\t\t\t\t<div class=\"elementor-element elementor-element-fe8ea10 elementor-widget elementor-widget-text-editor\" data-id=\"fe8ea10\" data-element_type=\"widget\" data-e-type=\"widget\" data-widget_type=\"text-editor.default\">\n\t\t\t\t<div class=\"elementor-widget-container\">\n\t\t\t\t\t\t\t\t\t<p>No se ofrece ninguna garant\u00eda, ni expresa ni impl\u00edcitamente, por la exactitud de la informaci\u00f3n y las vistas distribuidas a trav\u00e9s del sitio web. vengo GmbH no asume ninguna responsabilidad y no ofrece ninguna garant\u00eda de que las funciones del sitio web no se interrumpan o est\u00e9n libres de errores, que los errores se corrijan o que el sitio web y el servidor respectivo est\u00e9n libres de virus o componentes da\u00f1inos.<\/p>\t\t\t\t\t\t\t\t<\/div>\n\t\t\t\t<\/div>\n\t\t\t\t<div class=\"elementor-element elementor-element-803713c elementor-widget elementor-widget-heading\" data-id=\"803713c\" data-element_type=\"widget\" data-e-type=\"widget\" data-widget_type=\"heading.default\">\n\t\t\t\t<div class=\"elementor-widget-container\">\n\t\t\t\t\t<h3 class=\"elementor-heading-title elementor-size-default\">Descargo de responsabilidad<\/h3>\t\t\t\t<\/div>\n\t\t\t\t<\/div>\n\t\t\t\t<div class=\"elementor-element elementor-element-885048a elementor-widget elementor-widget-text-editor\" data-id=\"885048a\" data-element_type=\"widget\" data-e-type=\"widget\" data-widget_type=\"text-editor.default\">\n\t\t\t\t<div class=\"elementor-widget-container\">\n\t\t\t\t\t\t\t\t\t<p>Queda excluida cualquier responsabilidad de vengo GmbH (incluida la negligencia) por da\u00f1os o perjuicios resultantes del acceso a los elementos del sitio web o de su uso (o de la imposibilidad de acceso o uso).<\/p>\t\t\t\t\t\t\t\t<\/div>\n\t\t\t\t<\/div>\n\t\t\t\t<div class=\"elementor-element elementor-element-5ccc8cf elementor-widget elementor-widget-heading\" data-id=\"5ccc8cf\" data-element_type=\"widget\" data-e-type=\"widget\" data-widget_type=\"heading.default\">\n\t\t\t\t<div class=\"elementor-widget-container\">\n\t\t\t\t\t<h3 class=\"elementor-heading-title elementor-size-default\">Enlaces a otros sitios web<\/h3>\t\t\t\t<\/div>\n\t\t\t\t<\/div>\n\t\t\t\t<div class=\"elementor-element elementor-element-8d07f3f elementor-widget elementor-widget-text-editor\" data-id=\"8d07f3f\" data-element_type=\"widget\" data-e-type=\"widget\" data-widget_type=\"text-editor.default\">\n\t\t\t\t<div class=\"elementor-widget-container\">\n\t\t\t\t\t\t\t\t\t<p>vengo GmbH no ha comprobado los sitios web vinculados al sitio web y no asume ninguna responsabilidad por su contenido, los productos, servicios u otras ofertas ofrecidas en ellos.<\/p>\t\t\t\t\t\t\t\t<\/div>\n\t\t\t\t<\/div>\n\t\t\t\t\t<\/div>\n\t\t\t\t<\/div>\n\t\t\t\t<\/div>","protected":false},"excerpt":{"rendered":"<p>Haftungsausschluss Wichtige Rechtliche Hinweise Personen, die Informationen auf der Website von vengo GmbH abrufen, erkl\u00e4ren sich mit den nachstehenden Bedingungen einverstanden und verpflichten sich, die Netiquette zu befolgen: Benutzung der Website und Copyright Der gesamte Inhalt der Website ist urheberrechtlich gesch\u00fctzt (alle Rechte vorbehalten). Das Herunterladen oder Ausdrucken einzelner Seiten und Teilbereiche der \u00adWebsite ist [&hellip;]<\/p>\n","protected":false},"author":2,"featured_media":0,"parent":0,"menu_order":0,"comment_status":"closed","ping_status":"closed","template":"","meta":{"footnotes":""},"class_list":["post-1820","page","type-page","status-publish","hentry"],"_links":{"self":[{"href":"https:\/\/www.vengo.ch\/es\/wp-json\/wp\/v2\/pages\/1820","targetHints":{"allow":["GET"]}}],"collection":[{"href":"https:\/\/www.vengo.ch\/es\/wp-json\/wp\/v2\/pages"}],"about":[{"href":"https:\/\/www.vengo.ch\/es\/wp-json\/wp\/v2\/types\/page"}],"author":[{"embeddable":true,"href":"https:\/\/www.vengo.ch\/es\/wp-json\/wp\/v2\/users\/2"}],"replies":[{"embeddable":true,"href":"https:\/\/www.vengo.ch\/es\/wp-json\/wp\/v2\/comments?post=1820"}],"version-history":[{"count":0,"href":"https:\/\/www.vengo.ch\/es\/wp-json\/wp\/v2\/pages\/1820\/revisions"}],"wp:attachment":[{"href":"https:\/\/www.vengo.ch\/es\/wp-json\/wp\/v2\/media?parent=1820"}],"curies":[{"name":"gracias","href":"https:\/\/api.w.org\/{rel}","templated":true}]}}