{"id":2136,"date":"2024-04-14T17:50:40","date_gmt":"2024-04-14T15:50:40","guid":{"rendered":"https:\/\/www.vengo.ch\/?page_id=2136"},"modified":"2024-05-18T19:56:19","modified_gmt":"2024-05-18T17:56:19","slug":"vengocare","status":"publish","type":"page","link":"https:\/\/www.vengo.ch\/es\/webloesungen\/vengocare\/","title":{"rendered":"vengoCUIDADO"},"content":{"rendered":"<div data-elementor-type=\"wp-page\" data-elementor-id=\"2136\" class=\"elementor elementor-2136\" data-elementor-post-type=\"page\">\n\t\t\t\t<div class=\"elementor-element elementor-element-887038c e-flex e-con-boxed e-con e-parent\" data-id=\"887038c\" data-element_type=\"container\" data-e-type=\"container\" data-settings=\"{&quot;background_background&quot;:&quot;classic&quot;}\">\n\t\t\t\t\t<div class=\"e-con-inner\">\n\t\t<div class=\"elementor-element elementor-element-d807d55 e-con-full e-flex elementor-invisible e-con e-child\" data-id=\"d807d55\" data-element_type=\"container\" data-e-type=\"container\" data-settings=\"{&quot;background_background&quot;:&quot;classic&quot;,&quot;animation&quot;:&quot;fadeIn&quot;}\">\n\t\t\t\t<div class=\"elementor-element elementor-element-3d15e7e elementor-widget elementor-widget-heading\" data-id=\"3d15e7e\" data-element_type=\"widget\" data-e-type=\"widget\" data-widget_type=\"heading.default\">\n\t\t\t\t<div class=\"elementor-widget-container\">\n\t\t\t\t\t<h1 class=\"elementor-heading-title elementor-size-default\">vengoCUIDADO<\/h1>\t\t\t\t<\/div>\n\t\t\t\t<\/div>\n\t\t\t\t<div class=\"elementor-element elementor-element-2b05a37 elementor-widget elementor-widget-heading\" data-id=\"2b05a37\" data-element_type=\"widget\" data-e-type=\"widget\" data-widget_type=\"heading.default\">\n\t\t\t\t<div class=\"elementor-widget-container\">\n\t\t\t\t\t<h2 class=\"elementor-heading-title elementor-size-default\">Actual, seguro y potente.<\/h2>\t\t\t\t<\/div>\n\t\t\t\t<\/div>\n\t\t\t\t<\/div>\n\t\t<div class=\"elementor-element elementor-element-f9f61e4 e-con-full e-flex e-con e-child\" data-id=\"f9f61e4\" data-element_type=\"container\" data-e-type=\"container\">\n\t\t<div class=\"elementor-element elementor-element-f2f1d52 e-con-full e-flex e-con e-child\" data-id=\"f2f1d52\" data-element_type=\"container\" data-e-type=\"container\" data-settings=\"{&quot;background_background&quot;:&quot;classic&quot;}\">\n\t\t\t\t<div class=\"elementor-element elementor-element-13c8432 elementor-widget elementor-widget-image\" data-id=\"13c8432\" data-element_type=\"widget\" data-e-type=\"widget\" data-widget_type=\"image.default\">\n\t\t\t\t<div class=\"elementor-widget-container\">\n\t\t\t\t\t\t\t\t\t\t\t\t\t\t\t<img fetchpriority=\"high\" decoding=\"async\" width=\"800\" height=\"800\" src=\"https:\/\/www.vengo.ch\/wp-content\/uploads\/2024\/05\/vengoCARE-3-2.png\" class=\"attachment-large size-large wp-image-2528\" alt=\"Servicio online suizo para soluciones de limpieza e higiene de edificios, dise\u00f1adas individualmente.\" srcset=\"https:\/\/www.vengo.ch\/wp-content\/uploads\/2024\/05\/vengoCARE-3-2.png 1024w, https:\/\/www.vengo.ch\/wp-content\/uploads\/2024\/05\/vengoCARE-3-2-400x400.png 400w, https:\/\/www.vengo.ch\/wp-content\/uploads\/2024\/05\/vengoCARE-3-2-150x150.png 150w, https:\/\/www.vengo.ch\/wp-content\/uploads\/2024\/05\/vengoCARE-3-2-768x768.png 768w\" sizes=\"(max-width: 800px) 100vw, 800px\" title=\"\">\t\t\t\t\t\t\t\t\t\t\t\t\t\t\t<\/div>\n\t\t\t\t<\/div>\n\t\t\t\t<\/div>\n\t\t<div class=\"elementor-element elementor-element-ecd1afb e-con-full e-flex e-con e-child\" data-id=\"ecd1afb\" data-element_type=\"container\" data-e-type=\"container\">\n\t\t\t\t<div class=\"elementor-element elementor-element-ae95b0f elementor-widget elementor-widget-text-editor\" data-id=\"ae95b0f\" data-element_type=\"widget\" data-e-type=\"widget\" data-widget_type=\"text-editor.default\">\n\t\t\t\t<div class=\"elementor-widget-container\">\n\t\t\t\t\t\t\t\t\t<p>Con vengoCARE puede confiar en que su sitio web, tienda web o mercado estar\u00e1 siempre actualizado, funcionar\u00e1 de forma segura y eficiente y podr\u00e1 concentrarse en su empresa sin tener que preocuparse por detalles t\u00e9cnicos.<\/p>\t\t\t\t\t\t\t\t<\/div>\n\t\t\t\t<\/div>\n\t\t\t\t<div class=\"elementor-element elementor-element-a140890 elementor-widget elementor-widget-text-editor\" data-id=\"a140890\" data-element_type=\"widget\" data-e-type=\"widget\" data-widget_type=\"text-editor.default\">\n\t\t\t\t<div class=\"elementor-widget-container\">\n\t\t\t\t\t\t\t\t\t<p>Nuestros productos de mantenimiento vengoCARE ofrecen una amplia gama de servicios para garantizar que su sitio web, tienda web o mercado est\u00e9 siempre actualizado, sea seguro y funcione de manera eficiente. Esto incluye:<\/p><h3>Copia de seguridad externa y monitoreo del sistema<\/h3><p>Realizamos una copia de seguridad de sus datos externamente y monitoreamos continuamente el rendimiento de su sistema para minimizar el tiempo de inactividad.<\/p><h3>Actualizaciones peri\u00f3dicas dentro de la versi\u00f3n.<\/h3><p>Nos aseguramos de que su software reciba peri\u00f3dicamente las \u00faltimas actualizaciones y parches para mejorar la seguridad y el rendimiento.<\/p><h3>Optimizaci\u00f3n del rendimiento<\/h3><p>A trav\u00e9s de optimizaciones web espec\u00edficas, mejoramos el rendimiento de su sitio web para garantizar un uso fluido.<\/p><h3>Monitoreo del \u00edndice de Google<\/h3><p>Monitoreamos el estado de indexaci\u00f3n de su sitio web en Google para garantizar que su contenido est\u00e9 posicionado de manera \u00f3ptima para la optimizaci\u00f3n de motores de b\u00fasqueda (SEO).<\/p><h3>Seguridad dentro de la aplicaci\u00f3n<\/h3><p>Implementamos y monitoreamos medidas de seguridad para proteger su sitio web de amenazas y garantizar la confidencialidad de sus datos.<\/p><h3>Costos de licencia de software web<\/h3><p>Nuestros servicios tambi\u00e9n incluyen la gesti\u00f3n de los costos de licencia para su sitio web, para que pueda concentrarse en su negocio principal mientras nosotros nos ocupamos de los aspectos t\u00e9cnicos.<\/p>\t\t\t\t\t\t\t\t<\/div>\n\t\t\t\t<\/div>\n\t\t\t\t<\/div>\n\t\t\t\t<\/div>\n\t\t\t\t\t<\/div>\n\t\t\t\t<\/div>\n\t\t\t\t<\/div>","protected":false},"excerpt":{"rendered":"<p>Actual, seguro y potente.<\/p>","protected":false},"author":2,"featured_media":2528,"parent":1906,"menu_order":0,"comment_status":"closed","ping_status":"closed","template":"","meta":{"footnotes":""},"class_list":["post-2136","page","type-page","status-publish","has-post-thumbnail","hentry"],"_links":{"self":[{"href":"https:\/\/www.vengo.ch\/es\/wp-json\/wp\/v2\/pages\/2136","targetHints":{"allow":["GET"]}}],"collection":[{"href":"https:\/\/www.vengo.ch\/es\/wp-json\/wp\/v2\/pages"}],"about":[{"href":"https:\/\/www.vengo.ch\/es\/wp-json\/wp\/v2\/types\/page"}],"author":[{"embeddable":true,"href":"https:\/\/www.vengo.ch\/es\/wp-json\/wp\/v2\/users\/2"}],"replies":[{"embeddable":true,"href":"https:\/\/www.vengo.ch\/es\/wp-json\/wp\/v2\/comments?post=2136"}],"version-history":[{"count":0,"href":"https:\/\/www.vengo.ch\/es\/wp-json\/wp\/v2\/pages\/2136\/revisions"}],"up":[{"embeddable":true,"href":"https:\/\/www.vengo.ch\/es\/wp-json\/wp\/v2\/pages\/1906"}],"wp:featuredmedia":[{"embeddable":true,"href":"https:\/\/www.vengo.ch\/es\/wp-json\/wp\/v2\/media\/2528"}],"wp:attachment":[{"href":"https:\/\/www.vengo.ch\/es\/wp-json\/wp\/v2\/media?parent=2136"}],"curies":[{"name":"gracias","href":"https:\/\/api.w.org\/{rel}","templated":true}]}}