{"id":2148,"date":"2024-04-14T17:59:04","date_gmt":"2024-04-14T15:59:04","guid":{"rendered":"https:\/\/www.vengo.ch\/?page_id=2148"},"modified":"2024-05-18T19:53:43","modified_gmt":"2024-05-18T17:53:43","slug":"nubevengo","status":"publish","type":"page","link":"https:\/\/www.vengo.ch\/es\/webloesungen\/vengocloud\/","title":{"rendered":"vengoNUBE"},"content":{"rendered":"<div data-elementor-type=\"wp-page\" data-elementor-id=\"2148\" class=\"elementor elementor-2148\" data-elementor-post-type=\"page\">\n\t\t\t\t<div class=\"elementor-element elementor-element-887038c e-flex e-con-boxed e-con e-parent\" data-id=\"887038c\" data-element_type=\"container\" data-e-type=\"container\" data-settings=\"{&quot;background_background&quot;:&quot;classic&quot;}\">\n\t\t\t\t\t<div class=\"e-con-inner\">\n\t\t<div class=\"elementor-element elementor-element-d807d55 e-con-full e-flex elementor-invisible e-con e-child\" data-id=\"d807d55\" data-element_type=\"container\" data-e-type=\"container\" data-settings=\"{&quot;background_background&quot;:&quot;classic&quot;,&quot;animation&quot;:&quot;fadeIn&quot;}\">\n\t\t\t\t<div class=\"elementor-element elementor-element-3d15e7e elementor-widget elementor-widget-heading\" data-id=\"3d15e7e\" data-element_type=\"widget\" data-e-type=\"widget\" data-widget_type=\"heading.default\">\n\t\t\t\t<div class=\"elementor-widget-container\">\n\t\t\t\t\t<h1 class=\"elementor-heading-title elementor-size-default\">vengoNUBE<\/h1>\t\t\t\t<\/div>\n\t\t\t\t<\/div>\n\t\t\t\t<div class=\"elementor-element elementor-element-2b05a37 elementor-widget elementor-widget-heading\" data-id=\"2b05a37\" data-element_type=\"widget\" data-e-type=\"widget\" data-widget_type=\"heading.default\">\n\t\t\t\t<div class=\"elementor-widget-container\">\n\t\t\t\t\t<h2 class=\"elementor-heading-title elementor-size-default\">La robusta infraestructura<\/h2>\t\t\t\t<\/div>\n\t\t\t\t<\/div>\n\t\t\t\t<\/div>\n\t\t<div class=\"elementor-element elementor-element-f9f61e4 e-con-full e-flex e-con e-child\" data-id=\"f9f61e4\" data-element_type=\"container\" data-e-type=\"container\">\n\t\t<div class=\"elementor-element elementor-element-f2f1d52 e-con-full e-flex e-con e-child\" data-id=\"f2f1d52\" data-element_type=\"container\" data-e-type=\"container\" data-settings=\"{&quot;background_background&quot;:&quot;classic&quot;}\">\n\t\t\t\t<div class=\"elementor-element elementor-element-13c8432 elementor-widget elementor-widget-image\" data-id=\"13c8432\" data-element_type=\"widget\" data-e-type=\"widget\" data-widget_type=\"image.default\">\n\t\t\t\t<div class=\"elementor-widget-container\">\n\t\t\t\t\t\t\t\t\t\t\t\t\t\t\t<img fetchpriority=\"high\" decoding=\"async\" width=\"800\" height=\"800\" src=\"https:\/\/www.vengo.ch\/wp-content\/uploads\/2024\/05\/vengoCloud-5-2.png\" class=\"attachment-large size-large wp-image-2516\" alt=\"Infraestructura de servidor en nube de alto rendimiento en Vengo.ch, almacenamiento en la nube digital, alojamiento de TI, servicios en la nube, soluciones en la nube seguras.\" srcset=\"https:\/\/www.vengo.ch\/wp-content\/uploads\/2024\/05\/vengoCloud-5-2.png 1024w, https:\/\/www.vengo.ch\/wp-content\/uploads\/2024\/05\/vengoCloud-5-2-400x400.png 400w, https:\/\/www.vengo.ch\/wp-content\/uploads\/2024\/05\/vengoCloud-5-2-150x150.png 150w, https:\/\/www.vengo.ch\/wp-content\/uploads\/2024\/05\/vengoCloud-5-2-768x768.png 768w\" sizes=\"(max-width: 800px) 100vw, 800px\" title=\"\">\t\t\t\t\t\t\t\t\t\t\t\t\t\t\t<\/div>\n\t\t\t\t<\/div>\n\t\t\t\t<\/div>\n\t\t<div class=\"elementor-element elementor-element-ecd1afb e-con-full e-flex e-con e-child\" data-id=\"ecd1afb\" data-element_type=\"container\" data-e-type=\"container\">\n\t\t\t\t<div class=\"elementor-element elementor-element-ae95b0f elementor-widget elementor-widget-text-editor\" data-id=\"ae95b0f\" data-element_type=\"widget\" data-e-type=\"widget\" data-widget_type=\"text-editor.default\">\n\t\t\t\t<div class=\"elementor-widget-container\">\n\t\t\t\t\t\t\t\t\t<p>Con nuestros productos vengoCLOUD y tecnolog\u00edas avanzadas, ofrecemos una soluci\u00f3n de hosting potente y confiable para empresas y sitios web de todos los tama\u00f1os.<\/p>\t\t\t\t\t\t\t\t<\/div>\n\t\t\t\t<\/div>\n\t\t\t\t<div class=\"elementor-element elementor-element-a140890 elementor-widget elementor-widget-text-editor\" data-id=\"a140890\" data-element_type=\"widget\" data-e-type=\"widget\" data-widget_type=\"text-editor.default\">\n\t\t\t\t<div class=\"elementor-widget-container\">\n\t\t\t\t\t\t\t\t\t<p>Nuestros productos vengoCLOUD le ofrecen una infraestructura s\u00f3lida para su presencia en l\u00ednea. <br \/>Estos son algunos de los servicios de cerrajer\u00eda que podemos ofrecerle:<\/p><h3>Servidor en la nube de Google en Z\u00farich<\/h3><p>Utilizamos los potentes servidores de Google Cloud en Zurich para garantizar una soluci\u00f3n de alojamiento web r\u00e1pida y confiable que tambi\u00e9n cumpla con las regulaciones locales de protecci\u00f3n de datos. Estamos ah\u00ed contigo\u00a0<strong>118 gCO2eq\/kWh<\/strong> A\u00fan no es neutral, pero estamos trabajando en ello ;).<\/p><h3>Red de entrega de contenido (CDN)<\/h3><p>Nuestra red de entrega de contenido permite que su contenido se entregue de manera r\u00e1pida y eficiente a usuarios de todo el mundo, lo que resulta en tiempos de carga m\u00e1s r\u00e1pidos y una mejor experiencia de usuario.<\/p><h3>balanceadores de carga<\/h3><p>Utilizamos el equilibrio de carga para distribuir uniformemente la carga en nuestros servidores y garantizar un rendimiento y disponibilidad \u00f3ptimos de su sitio web, incluso durante momentos de mucho tr\u00e1fico. Esto es tambi\u00e9n lo que logramos en sitios web grandes. <strong>&#039;cerca de 0 min&#039; \u2013 Tiempos de inactividad<\/strong>.\u00a0<\/p><h3>Servidor de cach\u00e9 y preprocesamiento de im\u00e1genes.<\/h3><p>Nuestros servidores de almacenamiento en cach\u00e9 y herramientas de preprocesamiento de im\u00e1genes optimizan los tiempos de carga de su sitio web al almacenar en cach\u00e9 el contenido al que se accede con frecuencia y preprocesar las im\u00e1genes para una representaci\u00f3n m\u00e1s r\u00e1pida.<\/p><h3>Firewall de nivel empresarial y protecci\u00f3n DDoS<\/h3><p>Su sitio web est\u00e1 protegido por un firewall de nivel empresarial que protege contra amenazas cibern\u00e9ticas y ataques DDoS para garantizar la seguridad y disponibilidad de sus datos.<\/p>\t\t\t\t\t\t\t\t<\/div>\n\t\t\t\t<\/div>\n\t\t\t\t<\/div>\n\t\t\t\t<\/div>\n\t\t\t\t\t<\/div>\n\t\t\t\t<\/div>\n\t\t\t\t<\/div>","protected":false},"excerpt":{"rendered":"<p>La robusta infraestructura<\/p>","protected":false},"author":2,"featured_media":2516,"parent":1906,"menu_order":0,"comment_status":"closed","ping_status":"closed","template":"","meta":{"footnotes":""},"class_list":["post-2148","page","type-page","status-publish","has-post-thumbnail","hentry"],"_links":{"self":[{"href":"https:\/\/www.vengo.ch\/es\/wp-json\/wp\/v2\/pages\/2148","targetHints":{"allow":["GET"]}}],"collection":[{"href":"https:\/\/www.vengo.ch\/es\/wp-json\/wp\/v2\/pages"}],"about":[{"href":"https:\/\/www.vengo.ch\/es\/wp-json\/wp\/v2\/types\/page"}],"author":[{"embeddable":true,"href":"https:\/\/www.vengo.ch\/es\/wp-json\/wp\/v2\/users\/2"}],"replies":[{"embeddable":true,"href":"https:\/\/www.vengo.ch\/es\/wp-json\/wp\/v2\/comments?post=2148"}],"version-history":[{"count":0,"href":"https:\/\/www.vengo.ch\/es\/wp-json\/wp\/v2\/pages\/2148\/revisions"}],"up":[{"embeddable":true,"href":"https:\/\/www.vengo.ch\/es\/wp-json\/wp\/v2\/pages\/1906"}],"wp:featuredmedia":[{"embeddable":true,"href":"https:\/\/www.vengo.ch\/es\/wp-json\/wp\/v2\/media\/2516"}],"wp:attachment":[{"href":"https:\/\/www.vengo.ch\/es\/wp-json\/wp\/v2\/media?parent=2148"}],"curies":[{"name":"gracias","href":"https:\/\/api.w.org\/{rel}","templated":true}]}}