{"id":2171,"date":"2024-04-14T18:43:53","date_gmt":"2024-04-14T16:43:53","guid":{"rendered":"https:\/\/www.vengo.ch\/?page_id=2171"},"modified":"2024-05-18T19:47:49","modified_gmt":"2024-05-18T17:47:49","slug":"vengowp","status":"publish","type":"page","link":"https:\/\/www.vengo.ch\/es\/webloesungen\/vengowp\/","title":{"rendered":"vengoWP"},"content":{"rendered":"<div data-elementor-type=\"wp-page\" data-elementor-id=\"2171\" class=\"elementor elementor-2171\" data-elementor-post-type=\"page\">\n\t\t\t\t<div class=\"elementor-element elementor-element-887038c e-flex e-con-boxed e-con e-parent\" data-id=\"887038c\" data-element_type=\"container\" data-e-type=\"container\" data-settings=\"{&quot;background_background&quot;:&quot;classic&quot;}\">\n\t\t\t\t\t<div class=\"e-con-inner\">\n\t\t<div class=\"elementor-element elementor-element-d807d55 e-con-full e-flex elementor-invisible e-con e-child\" data-id=\"d807d55\" data-element_type=\"container\" data-e-type=\"container\" data-settings=\"{&quot;background_background&quot;:&quot;classic&quot;,&quot;animation&quot;:&quot;fadeIn&quot;}\">\n\t\t\t\t<div class=\"elementor-element elementor-element-3d15e7e elementor-widget elementor-widget-heading\" data-id=\"3d15e7e\" data-element_type=\"widget\" data-e-type=\"widget\" data-widget_type=\"heading.default\">\n\t\t\t\t<div class=\"elementor-widget-container\">\n\t\t\t\t\t<h1 class=\"elementor-heading-title elementor-size-default\">vengoWP<\/h1>\t\t\t\t<\/div>\n\t\t\t\t<\/div>\n\t\t\t\t<div class=\"elementor-element elementor-element-2b05a37 elementor-widget elementor-widget-heading\" data-id=\"2b05a37\" data-element_type=\"widget\" data-e-type=\"widget\" data-widget_type=\"heading.default\">\n\t\t\t\t<div class=\"elementor-widget-container\">\n\t\t\t\t\t<h2 class=\"elementor-heading-title elementor-size-default\">Extensiones personalizadas para su sitio de WordPress<\/h2>\t\t\t\t<\/div>\n\t\t\t\t<\/div>\n\t\t\t\t<\/div>\n\t\t<div class=\"elementor-element elementor-element-f9f61e4 e-con-full e-flex e-con e-child\" data-id=\"f9f61e4\" data-element_type=\"container\" data-e-type=\"container\">\n\t\t<div class=\"elementor-element elementor-element-f2f1d52 e-con-full e-flex e-con e-child\" data-id=\"f2f1d52\" data-element_type=\"container\" data-e-type=\"container\" data-settings=\"{&quot;background_background&quot;:&quot;classic&quot;}\">\n\t\t\t\t<div class=\"elementor-element elementor-element-13c8432 elementor-widget elementor-widget-image\" data-id=\"13c8432\" data-element_type=\"widget\" data-e-type=\"widget\" data-widget_type=\"image.default\">\n\t\t\t\t<div class=\"elementor-widget-container\">\n\t\t\t\t\t\t\t\t\t\t\t\t\t\t\t<img fetchpriority=\"high\" decoding=\"async\" width=\"800\" height=\"800\" src=\"https:\/\/www.vengo.ch\/wp-content\/uploads\/2024\/05\/vengoWP-2-2.jpg\" class=\"attachment-large size-large wp-image-2520\" alt=\"Logotipo de VengoWP en una ilustraci\u00f3n colorida y creativa con una computadora port\u00e1til y salpicaduras de pintura.\" srcset=\"https:\/\/www.vengo.ch\/wp-content\/uploads\/2024\/05\/vengoWP-2-2.jpg 1024w, https:\/\/www.vengo.ch\/wp-content\/uploads\/2024\/05\/vengoWP-2-2-400x400.jpg 400w, https:\/\/www.vengo.ch\/wp-content\/uploads\/2024\/05\/vengoWP-2-2-150x150.jpg 150w, https:\/\/www.vengo.ch\/wp-content\/uploads\/2024\/05\/vengoWP-2-2-768x768.jpg 768w\" sizes=\"(max-width: 800px) 100vw, 800px\" title=\"\">\t\t\t\t\t\t\t\t\t\t\t\t\t\t\t<\/div>\n\t\t\t\t<\/div>\n\t\t\t\t<\/div>\n\t\t<div class=\"elementor-element elementor-element-ecd1afb e-con-full e-flex e-con e-child\" data-id=\"ecd1afb\" data-element_type=\"container\" data-e-type=\"container\">\n\t\t\t\t<div class=\"elementor-element elementor-element-ae95b0f elementor-widget elementor-widget-text-editor\" data-id=\"ae95b0f\" data-element_type=\"widget\" data-e-type=\"widget\" data-widget_type=\"text-editor.default\">\n\t\t\t\t<div class=\"elementor-widget-container\">\n\t\t\t\t\t\t\t\t\t<p>Admitimos varios sistemas de gesti\u00f3n de contenidos. Durante todos estos a\u00f1os con Typo3, Drupal, Contao, Joomla! etc. Sin embargo, nos hemos especializado en WordPress (WP).&nbsp;<\/p>\t\t\t\t\t\t\t\t<\/div>\n\t\t\t\t<\/div>\n\t\t\t\t<div class=\"elementor-element elementor-element-a140890 elementor-widget elementor-widget-text-editor\" data-id=\"a140890\" data-element_type=\"widget\" data-e-type=\"widget\" data-widget_type=\"text-editor.default\">\n\t\t\t\t<div class=\"elementor-widget-container\">\n\t\t\t\t\t\t\t\t\t<p>Con vengoWP le permitimos actualizar el contenido de su sitio web de WordPress de forma r\u00e1pida y sencilla. <br>vengoWP tiene interfaces f\u00e1ciles de usar. Constructores visuales que te permiten editar texto, im\u00e1genes y videos sin requerir amplios conocimientos de programaci\u00f3n.<\/p>\n<h3>De 0 a 100<\/h3>\n<p>\u00bfQuieres un nuevo sitio web? Estaremos encantados de ayudarle y presentarle el mundo de vengoWP. De esta manera podr\u00e1s cambiar f\u00e1cil y f\u00e1cilmente el contenido de tu web.<\/p>\n<h3>Enlaces<\/h3>\n<p>\u00bfTiene un sitio web y desea agregar una tienda en l\u00ednea al sitio web? No hay problema, con vengoWP podemos agregar una tienda a tu sitio web.&nbsp;<\/p>\n<h3>Exportaciones e interfaces<\/h3>\n<p>\u00bfNecesitas una exportaci\u00f3n personalizada de tu sitio web o una interfaz especial? No hay problema. Encontraremos la soluci\u00f3n m\u00e1s sencilla.&nbsp;<\/p>\t\t\t\t\t\t\t\t<\/div>\n\t\t\t\t<\/div>\n\t\t\t\t<\/div>\n\t\t\t\t<\/div>\n\t\t\t\t\t<\/div>\n\t\t\t\t<\/div>\n\t\t\t\t<\/div>","protected":false},"excerpt":{"rendered":"<p>Extensiones personalizadas para su sitio Wordpress<\/p>","protected":false},"author":2,"featured_media":2520,"parent":1906,"menu_order":0,"comment_status":"closed","ping_status":"closed","template":"","meta":{"footnotes":""},"class_list":["post-2171","page","type-page","status-publish","has-post-thumbnail","hentry"],"_links":{"self":[{"href":"https:\/\/www.vengo.ch\/es\/wp-json\/wp\/v2\/pages\/2171","targetHints":{"allow":["GET"]}}],"collection":[{"href":"https:\/\/www.vengo.ch\/es\/wp-json\/wp\/v2\/pages"}],"about":[{"href":"https:\/\/www.vengo.ch\/es\/wp-json\/wp\/v2\/types\/page"}],"author":[{"embeddable":true,"href":"https:\/\/www.vengo.ch\/es\/wp-json\/wp\/v2\/users\/2"}],"replies":[{"embeddable":true,"href":"https:\/\/www.vengo.ch\/es\/wp-json\/wp\/v2\/comments?post=2171"}],"version-history":[{"count":0,"href":"https:\/\/www.vengo.ch\/es\/wp-json\/wp\/v2\/pages\/2171\/revisions"}],"up":[{"embeddable":true,"href":"https:\/\/www.vengo.ch\/es\/wp-json\/wp\/v2\/pages\/1906"}],"wp:featuredmedia":[{"embeddable":true,"href":"https:\/\/www.vengo.ch\/es\/wp-json\/wp\/v2\/media\/2520"}],"wp:attachment":[{"href":"https:\/\/www.vengo.ch\/es\/wp-json\/wp\/v2\/media?parent=2171"}],"curies":[{"name":"gracias","href":"https:\/\/api.w.org\/{rel}","templated":true}]}}