{"id":2383,"date":"2024-04-29T18:04:21","date_gmt":"2024-04-29T16:04:21","guid":{"rendered":"https:\/\/www.vengo.ch\/?page_id=2383"},"modified":"2024-05-18T19:41:41","modified_gmt":"2024-05-18T17:41:41","slug":"marketing-directo-por-correo-electronico","status":"publish","type":"page","link":"https:\/\/www.vengo.ch\/es\/webservice\/direct-e-mail-marketing\/","title":{"rendered":"Marketing directo por correo electr\u00f3nico"},"content":{"rendered":"<div data-elementor-type=\"wp-page\" data-elementor-id=\"2383\" class=\"elementor elementor-2383\" data-elementor-post-type=\"page\">\n\t\t\t\t<div class=\"elementor-element elementor-element-887038c e-flex e-con-boxed e-con e-parent\" data-id=\"887038c\" data-element_type=\"container\" data-e-type=\"container\" data-settings=\"{&quot;background_background&quot;:&quot;classic&quot;}\">\n\t\t\t\t\t<div class=\"e-con-inner\">\n\t\t<div class=\"elementor-element elementor-element-d807d55 e-con-full e-flex elementor-invisible e-con e-child\" data-id=\"d807d55\" data-element_type=\"container\" data-e-type=\"container\" data-settings=\"{&quot;background_background&quot;:&quot;classic&quot;,&quot;animation&quot;:&quot;fadeIn&quot;}\">\n\t\t\t\t<div class=\"elementor-element elementor-element-3d15e7e elementor-widget elementor-widget-heading\" data-id=\"3d15e7e\" data-element_type=\"widget\" data-e-type=\"widget\" data-widget_type=\"heading.default\">\n\t\t\t\t<div class=\"elementor-widget-container\">\n\t\t\t\t\t<h1 class=\"elementor-heading-title elementor-size-default\">Marketing directo por correo electr\u00f3nico<\/h1>\t\t\t\t<\/div>\n\t\t\t\t<\/div>\n\t\t\t\t<div class=\"elementor-element elementor-element-2b05a37 elementor-widget elementor-widget-heading\" data-id=\"2b05a37\" data-element_type=\"widget\" data-e-type=\"widget\" data-widget_type=\"heading.default\">\n\t\t\t\t<div class=\"elementor-widget-container\">\n\t\t\t\t\t<h2 class=\"elementor-heading-title elementor-size-default\">Con correos electr\u00f3nicos directamente al cliente.<\/h2>\t\t\t\t<\/div>\n\t\t\t\t<\/div>\n\t\t\t\t<\/div>\n\t\t<div class=\"elementor-element elementor-element-f9f61e4 e-con-full e-flex e-con e-child\" data-id=\"f9f61e4\" data-element_type=\"container\" data-e-type=\"container\">\n\t\t<div class=\"elementor-element elementor-element-f2f1d52 e-con-full e-flex e-con e-child\" data-id=\"f2f1d52\" data-element_type=\"container\" data-e-type=\"container\" data-settings=\"{&quot;background_background&quot;:&quot;classic&quot;}\">\n\t\t\t\t<div class=\"elementor-element elementor-element-13c8432 elementor-widget elementor-widget-image\" data-id=\"13c8432\" data-element_type=\"widget\" data-e-type=\"widget\" data-widget_type=\"image.default\">\n\t\t\t\t<div class=\"elementor-widget-container\">\n\t\t\t\t\t\t\t\t\t\t\t\t\t\t\t<img fetchpriority=\"high\" decoding=\"async\" width=\"800\" height=\"800\" src=\"https:\/\/www.vengo.ch\/wp-content\/uploads\/2024\/05\/E-Markting-2-2.jpg\" class=\"attachment-large size-large wp-image-2557\" alt=\"Logotipo de Vengo.ch en una superficie de pantalla digital, dise\u00f1ado en un estilo pop y moderno.\" srcset=\"https:\/\/www.vengo.ch\/wp-content\/uploads\/2024\/05\/E-Markting-2-2.jpg 1024w, https:\/\/www.vengo.ch\/wp-content\/uploads\/2024\/05\/E-Markting-2-2-400x400.jpg 400w, https:\/\/www.vengo.ch\/wp-content\/uploads\/2024\/05\/E-Markting-2-2-150x150.jpg 150w, https:\/\/www.vengo.ch\/wp-content\/uploads\/2024\/05\/E-Markting-2-2-768x768.jpg 768w\" sizes=\"(max-width: 800px) 100vw, 800px\" title=\"\">\t\t\t\t\t\t\t\t\t\t\t\t\t\t\t<\/div>\n\t\t\t\t<\/div>\n\t\t\t\t<\/div>\n\t\t<div class=\"elementor-element elementor-element-ecd1afb e-con-full e-flex e-con e-child\" data-id=\"ecd1afb\" data-element_type=\"container\" data-e-type=\"container\">\n\t\t\t\t<div class=\"elementor-element elementor-element-ae95b0f elementor-widget elementor-widget-text-editor\" data-id=\"ae95b0f\" data-element_type=\"widget\" data-e-type=\"widget\" data-widget_type=\"text-editor.default\">\n\t\t\t\t<div class=\"elementor-widget-container\">\n\t\t\t\t\t\t\t\t\t<p>Seamos honestos, el canal de correo electr\u00f3nico sigue siendo una de las mejores medidas de marketing que existen.\u00a0<\/p>\t\t\t\t\t\t\t\t<\/div>\n\t\t\t\t<\/div>\n\t\t\t\t<div class=\"elementor-element elementor-element-a140890 elementor-widget elementor-widget-text-editor\" data-id=\"a140890\" data-element_type=\"widget\" data-e-type=\"widget\" data-widget_type=\"text-editor.default\">\n\t\t\t\t<div class=\"elementor-widget-container\">\n\t\t\t\t\t\t\t\t\t<ul><li><strong>Marketing directo por correo electr\u00f3nico<\/strong> es la palabra m\u00e1gica para dirigirse directamente a los clientes e inspirarlos.<\/li><\/ul><p data-sourcepos=\"5:1-5:94\"><strong>Con correos electr\u00f3nicos personalizados<\/strong> vamos a crear uno <strong>conexi\u00f3n \u00fanica<\/strong> a tus clientes y guiarlos de esa manera <strong>directamente a la compra. DE ACUERDO <\/strong>tal vez todav\u00eda para<strong> Conciencia <\/strong>y luego a<strong> Compra ;)\u00a0<\/strong><\/p><p data-sourcepos=\"7:1-7:116\"><strong>Ya sea que desee promocionar nuevos productos, ofrecer descuentos o simplemente mantenerse en contacto con sus clientes, el marketing directo por correo electr\u00f3nico es la soluci\u00f3n perfecta.<\/strong><\/p><p data-sourcepos=\"9:1-9:22\"><strong>As\u00ed es como funciona:<\/strong><\/p><ul><li data-sourcepos=\"11:1-12:5\"><strong>Recopilar direcciones de correo electr\u00f3nico:<\/strong><\/li><\/ul><p>Cree una lista de correo electr\u00f3nico de clientes interesados, por ejemplo, suscribi\u00e9ndose a boletines informativos o concursos. <br \/>S\u00ed, \u00a1necesitamos el consentimiento del cliente para OPT-IN!\u00a0<\/p><ul><li data-sourcepos=\"13:1-14:120\"><strong>Segmenta tu lista:<\/strong><\/li><\/ul><p>Divida su lista de correo electr\u00f3nico en diferentes grupos, por ejemplo por intereses, comportamiento de compra o ubicaci\u00f3n geogr\u00e1fica. <br \/>\u00a1S\u00ed, el idioma seguir\u00eda siendo importante!<\/p><ul><li data-sourcepos=\"15:1-16:113\"><strong>Crea correos electr\u00f3nicos personalizados:<\/strong><\/li><\/ul><p>Escriba correos electr\u00f3nicos adaptados a las necesidades e intereses de sus grupos de clientes individuales. \u00a1Ser emocionante!<\/p><ul><li data-sourcepos=\"17:1-18:57\"><strong>Env\u00eda tus correos electr\u00f3nicos:<\/strong><\/li><\/ul><p>Utilice un software de marketing por correo electr\u00f3nico profesional para enviar sus correos electr\u00f3nicos de forma fiable.<\/p><ul><li data-sourcepos=\"19:1-21:0\"><strong>Analiza tus resultados:<\/strong><\/li><\/ul><p>Realice un seguimiento de las tasas de apertura y clics de su correo electr\u00f3nico para optimizar su estrategia.<\/p><p data-sourcepos=\"22:1-22:45\"><strong>Las ventajas del marketing directo por correo electr\u00f3nico:<\/strong><\/p><ul data-sourcepos=\"24:1-32:0\"><li data-sourcepos=\"24:1-25:77\"><strong>De largo alcance:<\/strong><\/li><\/ul><p>El correo electr\u00f3nico es uno de los canales m\u00e1s eficaces para llegar a sus clientes.<\/p><ul data-sourcepos=\"24:1-32:0\"><li data-sourcepos=\"26:1-27:87\"><strong>Precio bajo:<\/strong><\/li><\/ul><p>El marketing por correo electr\u00f3nico es muy rentable en comparaci\u00f3n con otros canales de marketing.<\/p><ul data-sourcepos=\"24:1-32:0\"><li data-sourcepos=\"28:1-29:93\"><strong>Alta personalizaci\u00f3n y timing:<\/strong><\/li><\/ul><p>Con correos electr\u00f3nicos personalizados puede construir una relaci\u00f3n s\u00f3lida con sus clientes. \u00a1Tiempo lo es todo!<\/p><ul data-sourcepos=\"24:1-32:0\"><li data-sourcepos=\"30:1-32:0\"><strong>Resultados mensurables:<\/strong><\/li><\/ul><p>Puede medir y optimizar con precisi\u00f3n el \u00e9xito de sus campa\u00f1as de marketing por correo electr\u00f3nico. Tenemos <a href=\"https:\/\/www.vengo.ch\/es\/servicio-web\/analisis-de-datos-vengo\/\">vengoDATOS<\/a> \u00bfya mencionado?<\/p><p data-sourcepos=\"33:1-33:86\"><strong>El marketing directo por correo electr\u00f3nico es una herramienta esencial para toda agencia digital.<\/strong><\/p><p data-sourcepos=\"35:1-35:45\"><strong>En vengo te ayudamos con:<\/strong><\/p><ul data-sourcepos=\"37:1-38:37\"><li data-sourcepos=\"37:1-37:80\"><strong>Desarrolla una estrategia de email marketing que se ajuste a tus objetivos.<\/strong><\/li><li data-sourcepos=\"38:1-38:37\"><strong>Cree correos electr\u00f3nicos profesionales y atractivos.<\/strong><\/li><li data-sourcepos=\"39:1-39:56\"><strong>Segmenta y nutre tu lista de correo electr\u00f3nico.<\/strong><\/li><li data-sourcepos=\"40:1-41:0\"><strong>Realice un seguimiento y optimice sus campa\u00f1as de marketing por correo electr\u00f3nico.<\/strong><\/li><\/ul><p data-sourcepos=\"42:1-42:74\"><strong>Inspiremos a sus clientes juntos con el marketing directo por correo electr\u00f3nico, \u00a1porque a todos nos gusta su SPAM!<\/strong><\/p>\t\t\t\t\t\t\t\t<\/div>\n\t\t\t\t<\/div>\n\t\t\t\t<\/div>\n\t\t\t\t<\/div>\n\t\t\t\t\t<\/div>\n\t\t\t\t<\/div>\n\t\t\t\t<\/div>","protected":false},"excerpt":{"rendered":"<p>Con correos electr\u00f3nicos directamente al cliente.<\/p>","protected":false},"author":2,"featured_media":2557,"parent":2259,"menu_order":0,"comment_status":"closed","ping_status":"closed","template":"","meta":{"footnotes":""},"class_list":["post-2383","page","type-page","status-publish","has-post-thumbnail","hentry"],"_links":{"self":[{"href":"https:\/\/www.vengo.ch\/es\/wp-json\/wp\/v2\/pages\/2383","targetHints":{"allow":["GET"]}}],"collection":[{"href":"https:\/\/www.vengo.ch\/es\/wp-json\/wp\/v2\/pages"}],"about":[{"href":"https:\/\/www.vengo.ch\/es\/wp-json\/wp\/v2\/types\/page"}],"author":[{"embeddable":true,"href":"https:\/\/www.vengo.ch\/es\/wp-json\/wp\/v2\/users\/2"}],"replies":[{"embeddable":true,"href":"https:\/\/www.vengo.ch\/es\/wp-json\/wp\/v2\/comments?post=2383"}],"version-history":[{"count":0,"href":"https:\/\/www.vengo.ch\/es\/wp-json\/wp\/v2\/pages\/2383\/revisions"}],"up":[{"embeddable":true,"href":"https:\/\/www.vengo.ch\/es\/wp-json\/wp\/v2\/pages\/2259"}],"wp:featuredmedia":[{"embeddable":true,"href":"https:\/\/www.vengo.ch\/es\/wp-json\/wp\/v2\/media\/2557"}],"wp:attachment":[{"href":"https:\/\/www.vengo.ch\/es\/wp-json\/wp\/v2\/media?parent=2383"}],"curies":[{"name":"gracias","href":"https:\/\/api.w.org\/{rel}","templated":true}]}}