{"id":2387,"date":"2024-04-29T18:04:24","date_gmt":"2024-04-29T16:04:24","guid":{"rendered":"https:\/\/www.vengo.ch\/?page_id=2387"},"modified":"2024-05-18T19:30:57","modified_gmt":"2024-05-18T17:30:57","slug":"sitios-web-cms","status":"publish","type":"page","link":"https:\/\/www.vengo.ch\/es\/webservice\/websites-cms\/","title":{"rendered":"Sitios web y CMS"},"content":{"rendered":"<div data-elementor-type=\"wp-page\" data-elementor-id=\"2387\" class=\"elementor elementor-2387\" data-elementor-post-type=\"page\">\n\t\t\t\t<div class=\"elementor-element elementor-element-887038c e-flex e-con-boxed e-con e-parent\" data-id=\"887038c\" data-element_type=\"container\" data-e-type=\"container\" data-settings=\"{&quot;background_background&quot;:&quot;classic&quot;}\">\n\t\t\t\t\t<div class=\"e-con-inner\">\n\t\t<div class=\"elementor-element elementor-element-d807d55 e-con-full e-flex elementor-invisible e-con e-child\" data-id=\"d807d55\" data-element_type=\"container\" data-e-type=\"container\" data-settings=\"{&quot;background_background&quot;:&quot;classic&quot;,&quot;animation&quot;:&quot;fadeIn&quot;}\">\n\t\t\t\t<div class=\"elementor-element elementor-element-3d15e7e elementor-widget elementor-widget-heading\" data-id=\"3d15e7e\" data-element_type=\"widget\" data-e-type=\"widget\" data-widget_type=\"heading.default\">\n\t\t\t\t<div class=\"elementor-widget-container\">\n\t\t\t\t\t<h1 class=\"elementor-heading-title elementor-size-default\">Sitios web y CMS<\/h1>\t\t\t\t<\/div>\n\t\t\t\t<\/div>\n\t\t\t\t<div class=\"elementor-element elementor-element-2b05a37 elementor-widget elementor-widget-heading\" data-id=\"2b05a37\" data-element_type=\"widget\" data-e-type=\"widget\" data-widget_type=\"heading.default\">\n\t\t\t\t<div class=\"elementor-widget-container\">\n\t\t\t\t\t<h2 class=\"elementor-heading-title elementor-size-default\">WordPress es tu navaja suiza para tu idea en Internet <\/h2>\t\t\t\t<\/div>\n\t\t\t\t<\/div>\n\t\t\t\t<\/div>\n\t\t<div class=\"elementor-element elementor-element-f9f61e4 e-con-full e-flex e-con e-child\" data-id=\"f9f61e4\" data-element_type=\"container\" data-e-type=\"container\">\n\t\t<div class=\"elementor-element elementor-element-f2f1d52 e-con-full e-flex e-con e-child\" data-id=\"f2f1d52\" data-element_type=\"container\" data-e-type=\"container\" data-settings=\"{&quot;background_background&quot;:&quot;classic&quot;}\">\n\t\t\t\t<div class=\"elementor-element elementor-element-13c8432 elementor-widget elementor-widget-image\" data-id=\"13c8432\" data-element_type=\"widget\" data-e-type=\"widget\" data-widget_type=\"image.default\">\n\t\t\t\t<div class=\"elementor-widget-container\">\n\t\t\t\t\t\t\t\t\t\t\t\t\t\t\t<img fetchpriority=\"high\" decoding=\"async\" width=\"800\" height=\"800\" src=\"https:\/\/www.vengo.ch\/wp-content\/uploads\/2024\/05\/CMS-3-2.jpg\" class=\"attachment-large size-large wp-image-2536\" alt=\"Sistema CMS para sitios web y gesti\u00f3n de contenidos, gesti\u00f3n eficiente de contenidos.\" srcset=\"https:\/\/www.vengo.ch\/wp-content\/uploads\/2024\/05\/CMS-3-2.jpg 1024w, https:\/\/www.vengo.ch\/wp-content\/uploads\/2024\/05\/CMS-3-2-400x400.jpg 400w, https:\/\/www.vengo.ch\/wp-content\/uploads\/2024\/05\/CMS-3-2-150x150.jpg 150w, https:\/\/www.vengo.ch\/wp-content\/uploads\/2024\/05\/CMS-3-2-768x768.jpg 768w\" sizes=\"(max-width: 800px) 100vw, 800px\" title=\"\">\t\t\t\t\t\t\t\t\t\t\t\t\t\t\t<\/div>\n\t\t\t\t<\/div>\n\t\t\t\t<\/div>\n\t\t<div class=\"elementor-element elementor-element-ecd1afb e-con-full e-flex e-con e-child\" data-id=\"ecd1afb\" data-element_type=\"container\" data-e-type=\"container\">\n\t\t\t\t<div class=\"elementor-element elementor-element-ae95b0f elementor-widget elementor-widget-text-editor\" data-id=\"ae95b0f\" data-element_type=\"widget\" data-e-type=\"widget\" data-widget_type=\"text-editor.default\">\n\t\t\t\t<div class=\"elementor-widget-container\">\n\t\t\t\t\t\t\t\t\t<p>Terminemos con esto. Existen infinidad de sistemas de gesti\u00f3n de contenidos (CMS) con los que podr\u00e1s presentar perfectamente tu idea en Internet. Todos tienen ventajas y desventajas. Claramente confiamos en WordPress, \u00a1punto final!<\/p>\t\t\t\t\t\t\t\t<\/div>\n\t\t\t\t<\/div>\n\t\t\t\t<div class=\"elementor-element elementor-element-a140890 elementor-widget elementor-widget-text-editor\" data-id=\"a140890\" data-element_type=\"widget\" data-e-type=\"widget\" data-widget_type=\"text-editor.default\">\n\t\t\t\t<div class=\"elementor-widget-container\">\n\t\t\t\t\t\t\t\t\t<p data-sourcepos=\"3:1-3:106\"><strong>WordPress es tu navaja suiza digital.<\/strong> Con este <strong>sistema de gesti\u00f3n de contenidos flexible<\/strong> Habilitamos tus ideas para sitios web, blogs, tiendas e incluso aplicaciones!<\/p>\n<p data-sourcepos=\"5:1-5:39\"><strong>No importa si necesita un sitio web sencillo, una tienda online extensa o una comunidad interactiva, WordPress le ofrece la base perfecta.<\/strong><\/p>\n<p data-sourcepos=\"7:1-7:40\"><strong>Con s\u00f3lo unos pocos clics puedes crear:<\/strong><\/p>\n<ul data-sourcepos=\"9:1-10:77\">\n<li data-sourcepos=\"9:1-9:56\"><strong>P\u00e1ginas atractivas<\/strong> con textos, im\u00e1genes y v\u00eddeos<\/li>\n<li data-sourcepos=\"10:1-10:77\"><strong>Publicaciones de blog<\/strong>para compartir tus pensamientos y noticias con el mundo<\/li>\n<li data-sourcepos=\"11:1-11:72\"><strong>Tiendas online<\/strong>para vender sus productos o servicios<\/li>\n<li data-sourcepos=\"12:1-13:0\"><strong>\u00c1reas de miembros<\/strong>para proporcionar contenido exclusivo para su comunidad<\/li>\n<li data-sourcepos=\"12:1-13:0\"><strong>Etc.<\/strong><\/li>\n<\/ul>\n<p data-sourcepos=\"14:1-14:222\"><strong>Y lo mejor:<\/strong> No es necesario ser un genio de la programaci\u00f3n para utilizar WordPress. La interfaz intuitiva y la funcionalidad de arrastrar y soltar le facilitan la creaci\u00f3n y administraci\u00f3n de su sitio web.<\/p>\n<p data-sourcepos=\"16:1-16:79\"><strong>\u00a1Pero WordPress puede hacer a\u00fan m\u00e1s!<\/strong> Con miles de <strong>Complementos<\/strong> Ampliamos las funciones de tu sitio web seg\u00fan tus deseos. Y si no hay <strong>Enchufar<\/strong> para usted, construiremos uno para usted.<\/p>\n<p>tenemos con <strong>Error de tipo 3<\/strong>, <strong>drupal<\/strong>, <strong>Joomla!<\/strong>, <strong>Cont\u00e1o<\/strong> y algunos otros ex\u00f3ticos tambi\u00e9n hicieron cosas interesantes.&nbsp;<span style=\"color: var( --e-global-color-text ); font-family: var( --e-global-typography-text-font-family ), Sans-serif; font-size: var( --e-global-typography-text-font-size ); font-weight: var( --e-global-typography-text-font-weight ); letter-spacing: var( --e-global-typography-text-letter-spacing ); text-align: var(--text-align); background-color: var( --e-global-color-a203eac );\">Pero nuestros clientes han decidido: quieren un sistema que no quede obsoleto, que permanezca abierto y que no s\u00f3lo nosotros podamos hacer.&nbsp;<\/span><\/p>\n<p><strong>\u00a1WordPress!<\/strong><\/p>\n<p data-sourcepos=\"23:1-23:192\"><strong>\u00bfQuieres que tu sitio web est\u00e9 siempre actualizado?<\/strong> \u00a1Ning\u00fan problema! WordPress se desarrolla constantemente y se equipa con nuevas funciones. Esto significa que su sitio web siempre estar\u00e1 preparado para el futuro. Algunos de nuestros proyectos tienen m\u00e1s de 10 a\u00f1os y todav\u00eda utilizan el mismo CMS de WordPress. Claro, ya no es la misma versi\u00f3n y se nos permiti\u00f3 modernizar el sistema. Pero nunca tuvimos que migrar e incluso adquirimos algunas plataformas de otras agencias. Nosotros podemos hacer eso tambi\u00e9n.<\/p>\n<p data-sourcepos=\"29:1-29:10\"><strong>\u00a1Pongamos juntos tus ideas en acci\u00f3n!<\/strong><\/p>\n<p data-sourcepos=\"37:1-37:104\"><strong>WordPress ha estado evolucionando durante m\u00e1s de 20 a\u00f1os. Primero del blog al CMS y ahora cada vez m\u00e1s al Internet Framework.&nbsp;<\/strong><\/p>\t\t\t\t\t\t\t\t<\/div>\n\t\t\t\t<\/div>\n\t\t\t\t<div class=\"elementor-element elementor-element-21bc451 elementor-widget elementor-widget-heading\" data-id=\"21bc451\" data-element_type=\"widget\" data-e-type=\"widget\" data-widget_type=\"heading.default\">\n\t\t\t\t<div class=\"elementor-widget-container\">\n\t\t\t\t\t<h3 class=\"elementor-heading-title elementor-size-default\">WordPress se utiliza actualmente en 43.3% de todos los sitios web de Internet.<\/h3>\t\t\t\t<\/div>\n\t\t\t\t<\/div>\n\t\t\t\t<div class=\"elementor-element elementor-element-37281a2 elementor-widget elementor-widget-html\" data-id=\"37281a2\" data-element_type=\"widget\" data-e-type=\"widget\" data-widget_type=\"html.default\">\n\t\t\t\t<div class=\"elementor-widget-container\">\n\t\t\t\t\t<img loading=\"lazy\" decoding=\"async\" src=\"https:\/\/w3techs.com\/diagram\/market_technology\/cm-wordpress\" alt=\"Posici\u00f3n de mercado de WordPress\" width=\"600\" height=\"600\" title=\"\">\t\t\t\t<\/div>\n\t\t\t\t<\/div>\n\t\t\t\t<\/div>\n\t\t\t\t<\/div>\n\t\t\t\t\t<\/div>\n\t\t\t\t<\/div>\n\t\t\t\t<\/div>","protected":false},"excerpt":{"rendered":"<p>WordPress es tu navaja suiza para tu idea en Internet <\/p>","protected":false},"author":2,"featured_media":2536,"parent":2259,"menu_order":0,"comment_status":"closed","ping_status":"closed","template":"","meta":{"footnotes":""},"class_list":["post-2387","page","type-page","status-publish","has-post-thumbnail","hentry"],"_links":{"self":[{"href":"https:\/\/www.vengo.ch\/es\/wp-json\/wp\/v2\/pages\/2387","targetHints":{"allow":["GET"]}}],"collection":[{"href":"https:\/\/www.vengo.ch\/es\/wp-json\/wp\/v2\/pages"}],"about":[{"href":"https:\/\/www.vengo.ch\/es\/wp-json\/wp\/v2\/types\/page"}],"author":[{"embeddable":true,"href":"https:\/\/www.vengo.ch\/es\/wp-json\/wp\/v2\/users\/2"}],"replies":[{"embeddable":true,"href":"https:\/\/www.vengo.ch\/es\/wp-json\/wp\/v2\/comments?post=2387"}],"version-history":[{"count":0,"href":"https:\/\/www.vengo.ch\/es\/wp-json\/wp\/v2\/pages\/2387\/revisions"}],"up":[{"embeddable":true,"href":"https:\/\/www.vengo.ch\/es\/wp-json\/wp\/v2\/pages\/2259"}],"wp:featuredmedia":[{"embeddable":true,"href":"https:\/\/www.vengo.ch\/es\/wp-json\/wp\/v2\/media\/2536"}],"wp:attachment":[{"href":"https:\/\/www.vengo.ch\/es\/wp-json\/wp\/v2\/media?parent=2387"}],"curies":[{"name":"gracias","href":"https:\/\/api.w.org\/{rel}","templated":true}]}}