{"id":2389,"date":"2024-04-29T18:04:23","date_gmt":"2024-04-29T16:04:23","guid":{"rendered":"https:\/\/www.vengo.ch\/?page_id=2389"},"modified":"2024-05-18T19:33:39","modified_gmt":"2024-05-18T17:33:39","slug":"aplicaciones-moviles-pwa","status":"publish","type":"page","link":"https:\/\/www.vengo.ch\/es\/webservice\/mobile-apps-pwa\/","title":{"rendered":"Aplicaciones m\u00f3viles (PWA)"},"content":{"rendered":"<div data-elementor-type=\"wp-page\" data-elementor-id=\"2389\" class=\"elementor elementor-2389\" data-elementor-post-type=\"page\">\n\t\t\t\t<div class=\"elementor-element elementor-element-887038c e-flex e-con-boxed e-con e-parent\" data-id=\"887038c\" data-element_type=\"container\" data-e-type=\"container\" data-settings=\"{&quot;background_background&quot;:&quot;classic&quot;}\">\n\t\t\t\t\t<div class=\"e-con-inner\">\n\t\t<div class=\"elementor-element elementor-element-d807d55 e-con-full e-flex elementor-invisible e-con e-child\" data-id=\"d807d55\" data-element_type=\"container\" data-e-type=\"container\" data-settings=\"{&quot;background_background&quot;:&quot;classic&quot;,&quot;animation&quot;:&quot;fadeIn&quot;}\">\n\t\t\t\t<div class=\"elementor-element elementor-element-3d15e7e elementor-widget elementor-widget-heading\" data-id=\"3d15e7e\" data-element_type=\"widget\" data-e-type=\"widget\" data-widget_type=\"heading.default\">\n\t\t\t\t<div class=\"elementor-widget-container\">\n\t\t\t\t\t<h1 class=\"elementor-heading-title elementor-size-default\">Aplicaciones m\u00f3viles (PWA)<\/h1>\t\t\t\t<\/div>\n\t\t\t\t<\/div>\n\t\t\t\t<div class=\"elementor-element elementor-element-2b05a37 elementor-widget elementor-widget-heading\" data-id=\"2b05a37\" data-element_type=\"widget\" data-e-type=\"widget\" data-widget_type=\"heading.default\">\n\t\t\t\t<div class=\"elementor-widget-container\">\n\t\t\t\t\t<h2 class=\"elementor-heading-title elementor-size-default\">Lo admitimos, ya no creamos aplicaciones m\u00f3viles nativas.<\/h2>\t\t\t\t<\/div>\n\t\t\t\t<\/div>\n\t\t\t\t<\/div>\n\t\t<div class=\"elementor-element elementor-element-f9f61e4 e-con-full e-flex e-con e-child\" data-id=\"f9f61e4\" data-element_type=\"container\" data-e-type=\"container\">\n\t\t<div class=\"elementor-element elementor-element-f2f1d52 e-con-full e-flex e-con e-child\" data-id=\"f2f1d52\" data-element_type=\"container\" data-e-type=\"container\" data-settings=\"{&quot;background_background&quot;:&quot;classic&quot;}\">\n\t\t\t\t<div class=\"elementor-element elementor-element-13c8432 elementor-widget elementor-widget-image\" data-id=\"13c8432\" data-element_type=\"widget\" data-e-type=\"widget\" data-widget_type=\"image.default\">\n\t\t\t\t<div class=\"elementor-widget-container\">\n\t\t\t\t\t\t\t\t\t\t\t\t\t\t\t<img fetchpriority=\"high\" decoding=\"async\" width=\"800\" height=\"800\" src=\"https:\/\/www.vengo.ch\/wp-content\/uploads\/2024\/05\/apps-8-2.jpg\" class=\"attachment-large size-large wp-image-2540\" alt=\"Plataforma de pedidos online Vengo: tecnolog\u00eda innovadora de entrega y recogida.\" srcset=\"https:\/\/www.vengo.ch\/wp-content\/uploads\/2024\/05\/apps-8-2.jpg 1024w, https:\/\/www.vengo.ch\/wp-content\/uploads\/2024\/05\/apps-8-2-400x400.jpg 400w, https:\/\/www.vengo.ch\/wp-content\/uploads\/2024\/05\/apps-8-2-150x150.jpg 150w, https:\/\/www.vengo.ch\/wp-content\/uploads\/2024\/05\/apps-8-2-768x768.jpg 768w\" sizes=\"(max-width: 800px) 100vw, 800px\" title=\"\">\t\t\t\t\t\t\t\t\t\t\t\t\t\t\t<\/div>\n\t\t\t\t<\/div>\n\t\t\t\t<\/div>\n\t\t<div class=\"elementor-element elementor-element-ecd1afb e-con-full e-flex e-con e-child\" data-id=\"ecd1afb\" data-element_type=\"container\" data-e-type=\"container\">\n\t\t\t\t<div class=\"elementor-element elementor-element-ae95b0f elementor-widget elementor-widget-text-editor\" data-id=\"ae95b0f\" data-element_type=\"widget\" data-e-type=\"widget\" data-widget_type=\"text-editor.default\">\n\t\t\t\t<div class=\"elementor-widget-container\">\n\t\t\t\t\t\t\t\t\t<p>Pero no estamos solos. Uber, Spotify, Telegram, Pinterest\u2026 \u00a1tampoco!\u00a0<\/p>\t\t\t\t\t\t\t\t<\/div>\n\t\t\t\t<\/div>\n\t\t\t\t<div class=\"elementor-element elementor-element-a140890 elementor-widget elementor-widget-text-editor\" data-id=\"a140890\" data-element_type=\"widget\" data-e-type=\"widget\" data-widget_type=\"text-editor.default\">\n\t\t\t\t<div class=\"elementor-widget-container\">\n\t\t\t\t\t\t\t\t\t<h3 data-sourcepos=\"1:1-1:44\">Aplicaciones m\u00f3viles con PWA = \u00a1aplicaciones sin tienda de aplicaciones!<\/h3>\n<p data-sourcepos=\"1:1-1:44\">(A menos que quieras ofrecerlo en la tienda de aplicaciones)<\/p>\n<p data-sourcepos=\"3:1-3:73\"><strong>\u00bfLo sabes?<\/strong> Te encuentras con un sitio web interesante y piensas: \u201c\u00a1Las funciones y la apariencia ser\u00edan perfectas para una aplicaci\u00f3n!\u201d. Con <strong>Aplicaciones web progresivas (PWA)<\/strong> Este deseo ahora se est\u00e1 haciendo realidad. <strong>sin desv\u00edos una app para web, m\u00f3vil, TV, SO etc.<\/strong><\/p>\n<p data-sourcepos=\"5:1-5:109\"><strong>Las PWA son como aplicaciones, \u00a1solo que mejores!<\/strong> Combinan las ventajas de los sitios web y las aplicaciones en una \u00fanica soluci\u00f3n:<\/p>\n<ul data-sourcepos=\"7:1-8:52\">\n<li data-sourcepos=\"7:1-7:87\"><strong>Uso intuitivo:<\/strong> Se puede utilizar como una aplicaci\u00f3n, responde y est\u00e1 disponible sin conexi\u00f3n<\/li>\n<li data-sourcepos=\"8:1-8:52\"><strong>Funciones similares a las de una aplicaci\u00f3n:<\/strong> Notificaciones push, geolocalizaci\u00f3n, acceso a la c\u00e1mara del dispositivo y mucho m\u00e1s<\/li>\n<li data-sourcepos=\"9:1-9:104\"><strong>Sin instalaci\u00f3n:<\/strong> Simplemente \u00e1brelo en el navegador y comienza, no es necesario instalarlo en la tienda de aplicaciones.<\/li>\n<li data-sourcepos=\"10:1-10:94\"><strong>Compatible con motores de b\u00fasqueda:<\/strong> Perfecto para hacer que tus ofertas sean visibles en los motores de b\u00fasqueda.<\/li>\n<li data-sourcepos=\"11:1-12:0\"><strong>Menores costos de desarrollo:<\/strong> Significativamente m\u00e1s barato en comparaci\u00f3n con las aplicaciones nativas<\/li>\n<\/ul>\n<p data-sourcepos=\"13:1-13:39\"><strong>Con las PWA podemos:<\/strong><\/p>\n<ul data-sourcepos=\"15:1-15:75\">\n<li data-sourcepos=\"15:1-15:75\"><strong>Desarrollar aplicaciones m\u00f3viles innovadoras y atractivas.<\/strong><\/li>\n<li data-sourcepos=\"16:1-16:98\"><strong>Aumente significativamente el alcance de sus clientes ya que no es necesaria ninguna instalaci\u00f3n en la tienda de aplicaciones.<\/strong><\/li>\n<li data-sourcepos=\"17:1-17:70\"><strong>Aumentar el conocimiento de la marca y promover la fidelidad de los clientes.<\/strong><\/li>\n<li data-sourcepos=\"18:1-19:0\"><strong>Conserve recursos mientras ofrece aplicaciones m\u00f3viles modernas.<\/strong><\/li>\n<\/ul>\n<p data-sourcepos=\"20:1-20:128\"><strong>\u00a1Las PWA son el futuro de las aplicaciones m\u00f3viles!<\/strong> Ofrezca a sus clientes soluciones innovadoras y asegure una ventaja competitiva.<\/p>\n<p data-sourcepos=\"20:1-20:128\">\u00bfQu\u00e9 no puedes hacer en comparaci\u00f3n con la aplicaci\u00f3n m\u00f3vil nativa? Tambi\u00e9n hay mucho all\u00ed, as\u00ed que hablemos de ello y lo descubriremos juntos.&nbsp;<\/p>\t\t\t\t\t\t\t\t<\/div>\n\t\t\t\t<\/div>\n\t\t\t\t<\/div>\n\t\t\t\t<\/div>\n\t\t\t\t\t<\/div>\n\t\t\t\t<\/div>\n\t\t\t\t<\/div>","protected":false},"excerpt":{"rendered":"<p>Lo admitimos, ya no creamos aplicaciones m\u00f3viles nativas.<\/p>","protected":false},"author":2,"featured_media":2540,"parent":2259,"menu_order":0,"comment_status":"closed","ping_status":"closed","template":"","meta":{"footnotes":""},"class_list":["post-2389","page","type-page","status-publish","has-post-thumbnail","hentry"],"_links":{"self":[{"href":"https:\/\/www.vengo.ch\/es\/wp-json\/wp\/v2\/pages\/2389","targetHints":{"allow":["GET"]}}],"collection":[{"href":"https:\/\/www.vengo.ch\/es\/wp-json\/wp\/v2\/pages"}],"about":[{"href":"https:\/\/www.vengo.ch\/es\/wp-json\/wp\/v2\/types\/page"}],"author":[{"embeddable":true,"href":"https:\/\/www.vengo.ch\/es\/wp-json\/wp\/v2\/users\/2"}],"replies":[{"embeddable":true,"href":"https:\/\/www.vengo.ch\/es\/wp-json\/wp\/v2\/comments?post=2389"}],"version-history":[{"count":0,"href":"https:\/\/www.vengo.ch\/es\/wp-json\/wp\/v2\/pages\/2389\/revisions"}],"up":[{"embeddable":true,"href":"https:\/\/www.vengo.ch\/es\/wp-json\/wp\/v2\/pages\/2259"}],"wp:featuredmedia":[{"embeddable":true,"href":"https:\/\/www.vengo.ch\/es\/wp-json\/wp\/v2\/media\/2540"}],"wp:attachment":[{"href":"https:\/\/www.vengo.ch\/es\/wp-json\/wp\/v2\/media?parent=2389"}],"curies":[{"name":"gracias","href":"https:\/\/api.w.org\/{rel}","templated":true}]}}