{"id":2391,"date":"2024-04-29T18:04:23","date_gmt":"2024-04-29T16:04:23","guid":{"rendered":"https:\/\/www.vengo.ch\/?page_id=2391"},"modified":"2024-05-21T15:23:46","modified_gmt":"2024-05-21T13:23:46","slug":"seo-mar-sem","status":"publish","type":"page","link":"https:\/\/www.vengo.ch\/es\/webservice\/seo-sea-sem\/","title":{"rendered":"SEO + MAR = SEM"},"content":{"rendered":"<div data-elementor-type=\"wp-page\" data-elementor-id=\"2391\" class=\"elementor elementor-2391\" data-elementor-post-type=\"page\">\n\t\t\t\t<div class=\"elementor-element elementor-element-887038c e-flex e-con-boxed e-con e-parent\" data-id=\"887038c\" data-element_type=\"container\" data-e-type=\"container\" data-settings=\"{&quot;background_background&quot;:&quot;classic&quot;}\">\n\t\t\t\t\t<div class=\"e-con-inner\">\n\t\t<div class=\"elementor-element elementor-element-d807d55 e-con-full e-flex elementor-invisible e-con e-child\" data-id=\"d807d55\" data-element_type=\"container\" data-e-type=\"container\" data-settings=\"{&quot;background_background&quot;:&quot;classic&quot;,&quot;animation&quot;:&quot;fadeIn&quot;}\">\n\t\t\t\t<div class=\"elementor-element elementor-element-3d15e7e elementor-widget elementor-widget-heading\" data-id=\"3d15e7e\" data-element_type=\"widget\" data-e-type=\"widget\" data-widget_type=\"heading.default\">\n\t\t\t\t<div class=\"elementor-widget-container\">\n\t\t\t\t\t<h1 class=\"elementor-heading-title elementor-size-default\">SEO + MAR = SEM<\/h1>\t\t\t\t<\/div>\n\t\t\t\t<\/div>\n\t\t\t\t<div class=\"elementor-element elementor-element-2b05a37 elementor-widget elementor-widget-heading\" data-id=\"2b05a37\" data-element_type=\"widget\" data-e-type=\"widget\" data-widget_type=\"heading.default\">\n\t\t\t\t<div class=\"elementor-widget-container\">\n\t\t\t\t\t<h2 class=\"elementor-heading-title elementor-size-default\">Con doble poder para triunfar en Internet<\/h2>\t\t\t\t<\/div>\n\t\t\t\t<\/div>\n\t\t\t\t<\/div>\n\t\t<div class=\"elementor-element elementor-element-f9f61e4 e-con-full e-flex e-con e-child\" data-id=\"f9f61e4\" data-element_type=\"container\" data-e-type=\"container\">\n\t\t<div class=\"elementor-element elementor-element-f2f1d52 e-con-full e-flex e-con e-child\" data-id=\"f2f1d52\" data-element_type=\"container\" data-e-type=\"container\" data-settings=\"{&quot;background_background&quot;:&quot;classic&quot;}\">\n\t\t\t\t<div class=\"elementor-element elementor-element-13c8432 elementor-widget elementor-widget-image\" data-id=\"13c8432\" data-element_type=\"widget\" data-e-type=\"widget\" data-widget_type=\"image.default\">\n\t\t\t\t<div class=\"elementor-widget-container\">\n\t\t\t\t\t\t\t\t\t\t\t\t\t\t\t<img fetchpriority=\"high\" decoding=\"async\" width=\"800\" height=\"800\" src=\"https:\/\/www.vengo.ch\/wp-content\/uploads\/2024\/05\/SEM-4-2.jpg\" class=\"attachment-large size-large wp-image-2544\" alt=\"SEO, marketing online, optimizaci\u00f3n de motores de b\u00fasqueda, marketing digital, Vengo Suiza.\" srcset=\"https:\/\/www.vengo.ch\/wp-content\/uploads\/2024\/05\/SEM-4-2.jpg 1024w, https:\/\/www.vengo.ch\/wp-content\/uploads\/2024\/05\/SEM-4-2-400x400.jpg 400w, https:\/\/www.vengo.ch\/wp-content\/uploads\/2024\/05\/SEM-4-2-150x150.jpg 150w, https:\/\/www.vengo.ch\/wp-content\/uploads\/2024\/05\/SEM-4-2-768x768.jpg 768w\" sizes=\"(max-width: 800px) 100vw, 800px\" title=\"\">\t\t\t\t\t\t\t\t\t\t\t\t\t\t\t<\/div>\n\t\t\t\t<\/div>\n\t\t\t\t<\/div>\n\t\t<div class=\"elementor-element elementor-element-ecd1afb e-con-full e-flex e-con e-child\" data-id=\"ecd1afb\" data-element_type=\"container\" data-e-type=\"container\">\n\t\t\t\t<div class=\"elementor-element elementor-element-ae95b0f elementor-widget elementor-widget-text-editor\" data-id=\"ae95b0f\" data-element_type=\"widget\" data-e-type=\"widget\" data-widget_type=\"text-editor.default\">\n\t\t\t\t<div class=\"elementor-widget-container\">\n\t\t\t\t\t\t\t\t\t<p>\u00bfQuiere llevar su presencia en l\u00ednea al siguiente nivel y generar m\u00e1s tr\u00e1fico a su sitio web?<\/p>\t\t\t\t\t\t\t\t<\/div>\n\t\t\t\t<\/div>\n\t\t\t\t<div class=\"elementor-element elementor-element-a140890 elementor-widget elementor-widget-text-editor\" data-id=\"a140890\" data-element_type=\"widget\" data-e-type=\"widget\" data-widget_type=\"text-editor.default\">\n\t\t\t\t<div class=\"elementor-widget-container\">\n\t\t\t\t\t\t\t\t\t<p data-sourcepos=\"3:1-3:96\">Entonces la combinaci\u00f3n est\u00e1 apagada \u00a0<strong>SEO (optimizaci\u00f3n de motores de b\u00fasqueda)<\/strong> y <strong>SEA (Publicidad en motores de b\u00fasqueda) <\/strong>exactamente lo correcto para ti. Entonces lo haremos juntos <strong>SEM (Marketing en Motores de B\u00fasqueda)<\/strong>!<\/p><p data-sourcepos=\"7:1-7:52\"><strong>Con SEO<\/strong> Optimiza su sitio web para que sea mejor encontrado y calificado por motores de b\u00fasqueda como Google. Esto significa que su sitio web puede aparecer m\u00e1s alto en los resultados de b\u00fasqueda org\u00e1nicos incluso sin anuncios pagados.<\/p><p data-sourcepos=\"9:1-9:49\"><strong>Con mar<\/strong> Coloque anuncios pagos en motores de b\u00fasqueda como Google para clasificar su sitio web en la parte superior de los resultados de b\u00fasqueda. De esta manera, podr\u00e1 llegar a clientes potenciales exactamente cuando est\u00e9n buscando productos o servicios como el suyo.<\/p><p data-sourcepos=\"9:1-9:49\"><strong>Las ventajas de combinar SEO y SEA:<\/strong><\/p><ul data-sourcepos=\"11:1-13:22\"><li data-sourcepos=\"11:1-11:87\"><strong>\u00c9xito sostenible:<\/strong> Con SEO te aseguras de que tu sitio web aparezca bien en los motores de b\u00fasqueda a largo plazo.<\/li><li><strong>\u00c9xito m\u00e1s r\u00e1pido:<\/strong> Con SEA puedes llegar inmediatamente a m\u00e1s visitantes a tu sitio web.<\/li><li data-sourcepos=\"13:1-13:22\"><strong>Mayor tasa de conversi\u00f3n:<\/strong> Los visitantes que llegan a su sitio web a trav\u00e9s de SEA y SEO suelen estar m\u00e1s dispuestos a comprar.<\/li><li data-sourcepos=\"14:1-15:0\"><strong>Menor costo por conversi\u00f3n:<\/strong> Combinando SEO y SEA puedes optimizar tus costes de marketing.<\/li><\/ul><p data-sourcepos=\"16:1-16:109\"><strong>Como agencia digital, estaremos encantados de ayudarle a implementar con \u00e9xito su estrategia SEO y SEA.<\/strong><\/p><p data-sourcepos=\"18:1-18:120\"><strong>Juntos desarrollaremos una campa\u00f1a a medida que se adapte perfectamente a tus necesidades y objetivos.<\/strong><\/p><p data-sourcepos=\"20:1-20:104\"><strong>De esta manera podr\u00e1 llegar a m\u00e1s visitantes a su sitio web, generar m\u00e1s clientes potenciales y aumentar sus ventas.<\/strong><\/p><p data-sourcepos=\"20:1-20:104\"><strong>Con nuestro <a href=\"https:\/\/www.vengo.ch\/es\/servicio-web\/analisis-de-datos-vengo\/\">vengoDATOS<\/a> Tambi\u00e9n descubrimos si nosotros o su agencia de marketing de resultados ten\u00edamos raz\u00f3n.\u00a0<\/strong><\/p>\t\t\t\t\t\t\t\t<\/div>\n\t\t\t\t<\/div>\n\t\t\t\t<\/div>\n\t\t\t\t<\/div>\n\t\t\t\t\t<\/div>\n\t\t\t\t<\/div>\n\t\t\t\t<\/div>","protected":false},"excerpt":{"rendered":"<p>Con doble poder para triunfar en Internet<\/p>","protected":false},"author":2,"featured_media":2544,"parent":2259,"menu_order":0,"comment_status":"closed","ping_status":"closed","template":"","meta":{"footnotes":""},"class_list":["post-2391","page","type-page","status-publish","has-post-thumbnail","hentry"],"_links":{"self":[{"href":"https:\/\/www.vengo.ch\/es\/wp-json\/wp\/v2\/pages\/2391","targetHints":{"allow":["GET"]}}],"collection":[{"href":"https:\/\/www.vengo.ch\/es\/wp-json\/wp\/v2\/pages"}],"about":[{"href":"https:\/\/www.vengo.ch\/es\/wp-json\/wp\/v2\/types\/page"}],"author":[{"embeddable":true,"href":"https:\/\/www.vengo.ch\/es\/wp-json\/wp\/v2\/users\/2"}],"replies":[{"embeddable":true,"href":"https:\/\/www.vengo.ch\/es\/wp-json\/wp\/v2\/comments?post=2391"}],"version-history":[{"count":0,"href":"https:\/\/www.vengo.ch\/es\/wp-json\/wp\/v2\/pages\/2391\/revisions"}],"up":[{"embeddable":true,"href":"https:\/\/www.vengo.ch\/es\/wp-json\/wp\/v2\/pages\/2259"}],"wp:featuredmedia":[{"embeddable":true,"href":"https:\/\/www.vengo.ch\/es\/wp-json\/wp\/v2\/media\/2544"}],"wp:attachment":[{"href":"https:\/\/www.vengo.ch\/es\/wp-json\/wp\/v2\/media?parent=2391"}],"curies":[{"name":"gracias","href":"https:\/\/api.w.org\/{rel}","templated":true}]}}