{"id":2393,"date":"2024-04-29T18:04:22","date_gmt":"2024-04-29T16:04:22","guid":{"rendered":"https:\/\/www.vengo.ch\/?page_id=2393"},"modified":"2024-05-21T14:48:26","modified_gmt":"2024-05-21T12:48:26","slug":"seguridad-de-ajuste-web","status":"publish","type":"page","link":"https:\/\/www.vengo.ch\/es\/webservice\/web-tuning-security\/","title":{"rendered":"Ajuste web y seguridad web"},"content":{"rendered":"<div data-elementor-type=\"wp-page\" data-elementor-id=\"2393\" class=\"elementor elementor-2393\" data-elementor-post-type=\"page\">\n\t\t\t\t<div class=\"elementor-element elementor-element-887038c e-flex e-con-boxed e-con e-parent\" data-id=\"887038c\" data-element_type=\"container\" data-e-type=\"container\" data-settings=\"{&quot;background_background&quot;:&quot;classic&quot;}\">\n\t\t\t\t\t<div class=\"e-con-inner\">\n\t\t<div class=\"elementor-element elementor-element-d807d55 e-con-full e-flex elementor-invisible e-con e-child\" data-id=\"d807d55\" data-element_type=\"container\" data-e-type=\"container\" data-settings=\"{&quot;background_background&quot;:&quot;classic&quot;,&quot;animation&quot;:&quot;fadeIn&quot;}\">\n\t\t\t\t<div class=\"elementor-element elementor-element-3d15e7e elementor-widget elementor-widget-heading\" data-id=\"3d15e7e\" data-element_type=\"widget\" data-e-type=\"widget\" data-widget_type=\"heading.default\">\n\t\t\t\t<div class=\"elementor-widget-container\">\n\t\t\t\t\t<h1 class=\"elementor-heading-title elementor-size-default\">Ajuste web y seguridad web<\/h1>\t\t\t\t<\/div>\n\t\t\t\t<\/div>\n\t\t\t\t<div class=\"elementor-element elementor-element-2b05a37 elementor-widget elementor-widget-heading\" data-id=\"2b05a37\" data-element_type=\"widget\" data-e-type=\"widget\" data-widget_type=\"heading.default\">\n\t\t\t\t<div class=\"elementor-widget-container\">\n\t\t\t\t\t<h2 class=\"elementor-heading-title elementor-size-default\">Un d\u00fao fuerte: \u00a1R\u00e1pido y seguro!<\/h2>\t\t\t\t<\/div>\n\t\t\t\t<\/div>\n\t\t\t\t<\/div>\n\t\t<div class=\"elementor-element elementor-element-f9f61e4 e-con-full e-flex e-con e-child\" data-id=\"f9f61e4\" data-element_type=\"container\" data-e-type=\"container\">\n\t\t<div class=\"elementor-element elementor-element-f2f1d52 e-con-full e-flex e-con e-child\" data-id=\"f2f1d52\" data-element_type=\"container\" data-e-type=\"container\" data-settings=\"{&quot;background_background&quot;:&quot;classic&quot;}\">\n\t\t\t\t<div class=\"elementor-element elementor-element-13c8432 elementor-widget elementor-widget-image\" data-id=\"13c8432\" data-element_type=\"widget\" data-e-type=\"widget\" data-widget_type=\"image.default\">\n\t\t\t\t<div class=\"elementor-widget-container\">\n\t\t\t\t\t\t\t\t\t\t\t\t\t\t\t<img fetchpriority=\"high\" decoding=\"async\" width=\"800\" height=\"800\" src=\"https:\/\/www.vengo.ch\/wp-content\/uploads\/2024\/05\/Security-9-2.png\" class=\"attachment-large size-large wp-image-2561\" alt=\"Sistema de seguridad digital Vengo.ch, mantenimiento, protecci\u00f3n contra ciberataques.\" srcset=\"https:\/\/www.vengo.ch\/wp-content\/uploads\/2024\/05\/Security-9-2.png 1024w, https:\/\/www.vengo.ch\/wp-content\/uploads\/2024\/05\/Security-9-2-400x400.png 400w, https:\/\/www.vengo.ch\/wp-content\/uploads\/2024\/05\/Security-9-2-150x150.png 150w, https:\/\/www.vengo.ch\/wp-content\/uploads\/2024\/05\/Security-9-2-768x768.png 768w\" sizes=\"(max-width: 800px) 100vw, 800px\" title=\"\">\t\t\t\t\t\t\t\t\t\t\t\t\t\t\t<\/div>\n\t\t\t\t<\/div>\n\t\t\t\t<\/div>\n\t\t<div class=\"elementor-element elementor-element-ecd1afb e-con-full e-flex e-con e-child\" data-id=\"ecd1afb\" data-element_type=\"container\" data-e-type=\"container\">\n\t\t\t\t<div class=\"elementor-element elementor-element-ae95b0f elementor-widget elementor-widget-text-editor\" data-id=\"ae95b0f\" data-element_type=\"widget\" data-e-type=\"widget\" data-widget_type=\"text-editor.default\">\n\t\t\t\t<div class=\"elementor-widget-container\">\n\t\t\t\t\t\t\t\t\t<p>En el mundo digital actual, puede llegar a muchas personas. Pero muchos tambi\u00e9n llegan a usted y a su sitio web.<\/p>\t\t\t\t\t\t\t\t<\/div>\n\t\t\t\t<\/div>\n\t\t\t\t<div class=\"elementor-element elementor-element-a140890 elementor-widget elementor-widget-text-editor\" data-id=\"a140890\" data-element_type=\"widget\" data-e-type=\"widget\" data-widget_type=\"text-editor.default\">\n\t\t\t\t<div class=\"elementor-widget-container\">\n\t\t\t\t\t\t\t\t\t<p data-sourcepos=\"5:1-5:117\"><strong>Pero, \u00bfc\u00f3mo puede asegurarse de que su sitio web no s\u00f3lo se vea bien, sino que tambi\u00e9n sea r\u00e1pido, seguro y confiable?<\/strong><\/p>\n<p data-sourcepos=\"7:1-7:141\"><strong>\u00a1Aqu\u00ed es donde entramos nosotros!<\/strong> Con nuestro <strong>amplio conocimiento en optimizaci\u00f3n web y seguridad web<\/strong> Hacemos de su sitio web un verdadero int\u00e9rprete.<\/p>\n<p data-sourcepos=\"9:1-9:15\"><strong>Sintonizaci\u00f3n web:<\/strong><\/p>\n<ul data-sourcepos=\"11:1-11:100\">\n<li data-sourcepos=\"11:1-11:100\"><strong>Cargue m\u00e1s r\u00e1pido, funcione mejor:<\/strong> Optimizamos su sitio web para que se cargue a la velocidad del rayo y funcione sin problemas en todos los dispositivos relevantes.<\/li>\n<li data-sourcepos=\"12:1-12:153\"><strong>Pruebas, pruebas, pruebas:<\/strong> Podemos probar exhaustivamente su sitio web con m\u00e1s de 100 pruebas diferentes, garantizando que vuelva a ser t\u00e9cnicamente s\u00f3lido.&nbsp;<\/li>\n<li data-sourcepos=\"13:1-14:0\"><strong>Optimizaci\u00f3n de experiencia de usuario:<\/strong> Optimizamos su sitio web para que sea intuitivo y f\u00e1cil de usar para que sus visitantes tengan la mejor experiencia.&nbsp;<\/li>\n<\/ul>\n<p data-sourcepos=\"15:1-15:17\"><strong>Seguridad web:<\/strong><\/p>\n<ul data-sourcepos=\"17:1-18:139\">\n<li data-sourcepos=\"17:1-17:117\"><strong>Protecci\u00f3n integral contra ciberataques:<\/strong> Protegemos su sitio web de piratas inform\u00e1ticos, malware y otras amenazas.<\/li>\n<li data-sourcepos=\"18:1-18:139\"><strong>Entorno de confianza:<\/strong> Nos aseguramos de que los datos de sus visitantes est\u00e9n seguros y de que usted cumpla con las normas de protecci\u00f3n de datos aplicables.<\/li>\n<li data-sourcepos=\"19:1-20:0\"><strong>Recuperaci\u00f3n ante desastres y continuidad del negocio:<\/strong> Puede suceder que su sitio haya sido invadido de manera poco amigable. Le ayudaremos a liberarlo nuevamente del c\u00f3digo malicioso.&nbsp;<\/li>\n<\/ul>\n<p data-sourcepos=\"21:1-21:58\"><strong>Con nuestro know-how en tuning web y seguridad web:<\/strong><\/p>\n<ul data-sourcepos=\"23:1-27:0\">\n<li data-sourcepos=\"23:1-23:43\"><strong>Llega a m\u00e1s clientes potenciales.<\/strong><\/li>\n<li data-sourcepos=\"24:1-24:33\"><strong>Aumentas tus ventas.<\/strong><\/li>\n<li data-sourcepos=\"25:1-25:67\"><strong>Reduces el riesgo de fallos y brechas de seguridad.<\/strong><\/li>\n<li data-sourcepos=\"26:1-27:0\"><strong>\u00bfProteges tu reputaci\u00f3n?<\/strong><\/li>\n<\/ul>\t\t\t\t\t\t\t\t<\/div>\n\t\t\t\t<\/div>\n\t\t\t\t<\/div>\n\t\t\t\t<\/div>\n\t\t\t\t\t<\/div>\n\t\t\t\t<\/div>\n\t\t\t\t<\/div>","protected":false},"excerpt":{"rendered":"<p>Un d\u00fao fuerte: \u00a1R\u00e1pido y seguro!<\/p>","protected":false},"author":2,"featured_media":2561,"parent":2259,"menu_order":0,"comment_status":"closed","ping_status":"closed","template":"","meta":{"footnotes":""},"class_list":["post-2393","page","type-page","status-publish","has-post-thumbnail","hentry"],"_links":{"self":[{"href":"https:\/\/www.vengo.ch\/es\/wp-json\/wp\/v2\/pages\/2393","targetHints":{"allow":["GET"]}}],"collection":[{"href":"https:\/\/www.vengo.ch\/es\/wp-json\/wp\/v2\/pages"}],"about":[{"href":"https:\/\/www.vengo.ch\/es\/wp-json\/wp\/v2\/types\/page"}],"author":[{"embeddable":true,"href":"https:\/\/www.vengo.ch\/es\/wp-json\/wp\/v2\/users\/2"}],"replies":[{"embeddable":true,"href":"https:\/\/www.vengo.ch\/es\/wp-json\/wp\/v2\/comments?post=2393"}],"version-history":[{"count":0,"href":"https:\/\/www.vengo.ch\/es\/wp-json\/wp\/v2\/pages\/2393\/revisions"}],"up":[{"embeddable":true,"href":"https:\/\/www.vengo.ch\/es\/wp-json\/wp\/v2\/pages\/2259"}],"wp:featuredmedia":[{"embeddable":true,"href":"https:\/\/www.vengo.ch\/es\/wp-json\/wp\/v2\/media\/2561"}],"wp:attachment":[{"href":"https:\/\/www.vengo.ch\/es\/wp-json\/wp\/v2\/media?parent=2393"}],"curies":[{"name":"gracias","href":"https:\/\/api.w.org\/{rel}","templated":true}]}}