{"id":3281,"date":"2025-04-01T15:16:40","date_gmt":"2025-04-01T13:16:40","guid":{"rendered":"https:\/\/www.vengo.ch\/?page_id=3281"},"modified":"2025-04-02T12:56:11","modified_gmt":"2025-04-02T10:56:11","slug":"servicio-digital-suizo","status":"publish","type":"page","link":"https:\/\/www.vengo.ch\/es\/swiss-digital-service\/","title":{"rendered":"Servicio digital suizo"},"content":{"rendered":"<div data-elementor-type=\"wp-page\" data-elementor-id=\"3281\" class=\"elementor elementor-3281\" data-elementor-post-type=\"page\">\n\t\t\t\t<div class=\"elementor-element elementor-element-f8d353b e-flex e-con-boxed e-con e-parent\" data-id=\"f8d353b\" data-element_type=\"container\" data-e-type=\"container\">\n\t\t\t\t\t<div class=\"e-con-inner\">\n\t\t\t\t<div class=\"elementor-element elementor-element-4aba200 elementor-widget elementor-widget-heading\" data-id=\"4aba200\" data-element_type=\"widget\" data-e-type=\"widget\" data-widget_type=\"heading.default\">\n\t\t\t\t<div class=\"elementor-widget-container\">\n\t\t\t\t\t<h2 class=\"elementor-heading-title elementor-size-default\">Innovaci\u00f3n local, experiencia global<\/h2>\t\t\t\t<\/div>\n\t\t\t\t<\/div>\n\t\t\t\t<div class=\"elementor-element elementor-element-4fd3ffb elementor-widget elementor-widget-text-editor\" data-id=\"4fd3ffb\" data-element_type=\"widget\" data-e-type=\"widget\" data-widget_type=\"text-editor.default\">\n\t\t\t\t<div class=\"elementor-widget-container\">\n\t\t\t\t\t\t\t\t\t<p>Con m\u00e1s de 30 a\u00f1os de experiencia en el desarrollo y escalamiento de plataformas internacionales, es hora de que devolvamos algo a Suiza. <br \/>Por supuesto, tambi\u00e9n utilizamos soluciones internacionales, pero siempre que es posible, recurrimos a alternativas locales, desarrolladas en colaboraci\u00f3n con nuestros socios suizos.<\/p><p>Gran parte de nuestro trabajo refleja este compromiso. Tambi\u00e9n tenemos el privilegio de trabajar en un lugar inspirador en el coraz\u00f3n de las monta\u00f1as suizas. Estaremos encantados de mostrarle c\u00f3mo escalar con \u00e9xito aqu\u00ed tambi\u00e9n.<\/p><p>Por eso estamos orgullosos de tener el sello <span style=\"color: #ff0000;\"><a style=\"color: #ff0000;\" title=\"Servicio digital suizo\" href=\"https:\/\/www.swissmadesoftware.org\/\" target=\"_blank\" rel=\"noopener nofollow\"><strong><em>Servicios digitales suizos<\/em><\/strong><\/a><\/span>\u00a0Para llevar.<\/p>\t\t\t\t\t\t\t\t<\/div>\n\t\t\t\t<\/div>\n\t\t<div class=\"elementor-element elementor-element-bfe0799 e-flex e-con-boxed e-con e-child\" data-id=\"bfe0799\" data-element_type=\"container\" data-e-type=\"container\">\n\t\t\t\t\t<div class=\"e-con-inner\">\n\t\t\t\t<div class=\"elementor-element elementor-element-6a4f2ae elementor-widget elementor-widget-image\" data-id=\"6a4f2ae\" data-element_type=\"widget\" data-e-type=\"widget\" data-widget_type=\"image.default\">\n\t\t\t\t<div class=\"elementor-widget-container\">\n\t\t\t\t\t\t\t\t\t\t\t\t\t\t\t\t<a href=\"https:\/\/www.swissmadesoftware.org\/\" target=\"_blank\" rel=\"nofollow noopener\">\n\t\t\t\t\t\t\t<img decoding=\"async\" width=\"400\" height=\"73\" src=\"https:\/\/spcdn.shortpixel.ai\/spio\/ret_img,q_cdnize,to_webp,s_webp\/www.vengo.ch\/wp-content\/uploads\/2021\/10\/sms-logo-digital-services-h-150dpi-rgb-400x73.png\" class=\"attachment-medium size-medium wp-image-3278\" alt=\"Servicios digitales innovadores para empresas en Suiza.\" srcset=\"https:\/\/spcdn.shortpixel.ai\/spio\/ret_img,q_cdnize,to_webp,s_webp\/www.vengo.ch\/wp-content\/uploads\/2021\/10\/sms-logo-digital-services-h-150dpi-rgb-400x73.png 400w, https:\/\/spcdn.shortpixel.ai\/spio\/ret_img,q_cdnize,to_webp,s_webp\/www.vengo.ch\/wp-content\/uploads\/2021\/10\/sms-logo-digital-services-h-150dpi-rgb.png 579w\" sizes=\"(max-width: 400px) 100vw, 400px\" title=\"\">\t\t\t\t\t\t\t\t<\/a>\n\t\t\t\t\t\t\t\t\t\t\t\t\t\t\t<\/div>\n\t\t\t\t<\/div>\n\t\t\t\t<div class=\"elementor-element elementor-element-40c8e4d elementor-widget elementor-widget-image\" data-id=\"40c8e4d\" data-element_type=\"widget\" data-e-type=\"widget\" data-widget_type=\"image.default\">\n\t\t\t\t<div class=\"elementor-widget-container\">\n\t\t\t\t\t\t\t\t\t\t\t\t\t\t\t\t<a href=\"https:\/\/www.swissmadesoftware.org\/\" target=\"_blank\" rel=\"nofollow noopener\">\n\t\t\t\t\t\t\t<img decoding=\"async\" width=\"400\" height=\"67\" src=\"https:\/\/spcdn.shortpixel.ai\/spio\/ret_img,q_cdnize,to_webp,s_webp\/www.vengo.ch\/wp-content\/uploads\/2021\/10\/SMS-Logo-1h-150dpi_RGB-400x67.png\" class=\"attachment-medium size-medium wp-image-3277\" alt=\"Estaciones base inteligentes para detectores de metales Vengo.\" srcset=\"https:\/\/spcdn.shortpixel.ai\/spio\/ret_img,q_cdnize,to_webp,s_webp\/www.vengo.ch\/wp-content\/uploads\/2021\/10\/SMS-Logo-1h-150dpi_RGB-400x67.png 400w, https:\/\/spcdn.shortpixel.ai\/spio\/ret_img,q_cdnize,to_webp,s_webp\/www.vengo.ch\/wp-content\/uploads\/2021\/10\/SMS-Logo-1h-150dpi_RGB.png 567w\" sizes=\"(max-width: 400px) 100vw, 400px\" title=\"\">\t\t\t\t\t\t\t\t<\/a>\n\t\t\t\t\t\t\t\t\t\t\t\t\t\t\t<\/div>\n\t\t\t\t<\/div>\n\t\t\t\t\t<\/div>\n\t\t\t\t<\/div>\n\t\t\t\t\t<\/div>\n\t\t\t\t<\/div>\n\t\t\t\t<\/div>","protected":false},"excerpt":{"rendered":"<p>Lokale Innovation, globale Expertise Mit \u00fcber 30 Jahren Erfahrung in der Entwicklung und Skalierung internationaler Plattformen ist es f\u00fcr uns an der Zeit, der Schweiz etwas zur\u00fcckzugeben. Nat\u00fcrlich nutzen wir auch internationale L\u00f6sungen, doch wann immer m\u00f6glich, setzen wir auf lokale Alternativen \u2013 entwickelt in Zusammenarbeit mit unseren Schweizer Partnern.\u200b Ein Grossteil unserer Arbeit spiegelt [&hellip;]<\/p>\n","protected":false},"author":2,"featured_media":0,"parent":0,"menu_order":0,"comment_status":"closed","ping_status":"closed","template":"","meta":{"footnotes":""},"class_list":["post-3281","page","type-page","status-publish","hentry"],"_links":{"self":[{"href":"https:\/\/www.vengo.ch\/es\/wp-json\/wp\/v2\/pages\/3281","targetHints":{"allow":["GET"]}}],"collection":[{"href":"https:\/\/www.vengo.ch\/es\/wp-json\/wp\/v2\/pages"}],"about":[{"href":"https:\/\/www.vengo.ch\/es\/wp-json\/wp\/v2\/types\/page"}],"author":[{"embeddable":true,"href":"https:\/\/www.vengo.ch\/es\/wp-json\/wp\/v2\/users\/2"}],"replies":[{"embeddable":true,"href":"https:\/\/www.vengo.ch\/es\/wp-json\/wp\/v2\/comments?post=3281"}],"version-history":[{"count":0,"href":"https:\/\/www.vengo.ch\/es\/wp-json\/wp\/v2\/pages\/3281\/revisions"}],"wp:attachment":[{"href":"https:\/\/www.vengo.ch\/es\/wp-json\/wp\/v2\/media?parent=3281"}],"curies":[{"name":"gracias","href":"https:\/\/api.w.org\/{rel}","templated":true}]}}